{"id":4049,"date":"2023-05-02T11:56:10","date_gmt":"2023-05-02T11:56:10","guid":{"rendered":"https:\/\/arpette.ch\/?page_id=4049"},"modified":"2024-06-27T10:25:04","modified_gmt":"2024-06-27T10:25:04","slug":"politique-dannulation","status":"publish","type":"page","link":"https:\/\/arpette.ch\/de\/politique-dannulation\/","title":{"rendered":"Stornierungsbedingungen"},"content":{"rendered":"<div data-elementor-type=\"wp-page\" data-elementor-id=\"4049\" class=\"elementor elementor-4049\">\n\t\t\t\t\t\t<section class=\"elementor-section elementor-top-section elementor-element elementor-element-7dc8b775 elementor-section-boxed elementor-section-height-default elementor-section-height-default\" data-id=\"7dc8b775\" data-element_type=\"section\" data-e-type=\"section\" data-settings=\"{&quot;hoteller_ext_is_background_parallax&quot;:&quot;false&quot;,&quot;hoteller_ext_is_background_on_scroll&quot;:&quot;false&quot;}\">\n\t\t\t\t\t\t<div class=\"elementor-container elementor-column-gap-default\">\n\t\t\t\t\t<div class=\"elementor-column elementor-col-100 elementor-top-column elementor-element elementor-element-5291e607\" data-id=\"5291e607\" data-element_type=\"column\" data-e-type=\"column\" data-settings=\"{&quot;hoteller_ext_is_scrollme&quot;:&quot;false&quot;,&quot;hoteller_ext_is_smoove&quot;:&quot;false&quot;,&quot;hoteller_ext_is_parallax_mouse&quot;:&quot;false&quot;,&quot;hoteller_ext_is_infinite&quot;:&quot;false&quot;,&quot;hoteller_ext_is_fadeout_animation&quot;:&quot;false&quot;}\">\n\t\t\t<div class=\"elementor-widget-wrap elementor-element-populated\">\n\t\t\t\t\t\t<div class=\"elementor-element elementor-element-cebb1a9 elementor-widget elementor-widget-text-editor\" data-id=\"cebb1a9\" data-element_type=\"widget\" data-e-type=\"widget\" data-settings=\"{&quot;hoteller_ext_is_scrollme&quot;:&quot;false&quot;,&quot;hoteller_ext_is_smoove&quot;:&quot;false&quot;,&quot;hoteller_ext_is_parallax_mouse&quot;:&quot;false&quot;,&quot;hoteller_ext_is_infinite&quot;:&quot;false&quot;,&quot;hoteller_ext_is_fadeout_animation&quot;:&quot;false&quot;}\" data-widget_type=\"text-editor.default\">\n\t\t\t\t<div class=\"elementor-widget-container\">\n\t\t\t\t\t\t\t\t\t<h3><strong>Stornierungen, die mehr als 30 Tage vor der Ankunft erfolgen:<\/strong><\/h3>\t\t\t\t\t\t\t\t<\/div>\n\t\t\t\t<\/div>\n\t\t\t\t<div class=\"elementor-element elementor-element-071ecf3 elementor-widget elementor-widget-text-editor\" data-id=\"071ecf3\" data-element_type=\"widget\" data-e-type=\"widget\" data-settings=\"{&quot;hoteller_ext_is_scrollme&quot;:&quot;false&quot;,&quot;hoteller_ext_is_smoove&quot;:&quot;false&quot;,&quot;hoteller_ext_is_parallax_mouse&quot;:&quot;false&quot;,&quot;hoteller_ext_is_infinite&quot;:&quot;false&quot;,&quot;hoteller_ext_is_fadeout_animation&quot;:&quot;false&quot;}\" data-widget_type=\"text-editor.default\">\n\t\t\t\t<div class=\"elementor-widget-container\">\n\t\t\t\t\t\t\t\t\t<h3>80% des gezahlten Betrags werden zur\u00fcckerstattet. 20 % des gezahlten Betrags plus die PayPal- Geb\u00fchr werden einbehalten, um die Kosten f\u00fcr die R\u00fcckerstattung und die Bearbeitung der Stornierung zu decken.<\/h3>\t\t\t\t\t\t\t\t<\/div>\n\t\t\t\t<\/div>\n\t\t\t\t<div class=\"elementor-element elementor-element-8565ffd elementor-widget elementor-widget-text-editor\" data-id=\"8565ffd\" data-element_type=\"widget\" data-e-type=\"widget\" data-settings=\"{&quot;hoteller_ext_is_scrollme&quot;:&quot;false&quot;,&quot;hoteller_ext_is_smoove&quot;:&quot;false&quot;,&quot;hoteller_ext_is_parallax_mouse&quot;:&quot;false&quot;,&quot;hoteller_ext_is_infinite&quot;:&quot;false&quot;,&quot;hoteller_ext_is_fadeout_animation&quot;:&quot;false&quot;}\" data-widget_type=\"text-editor.default\">\n\t\t\t\t<div class=\"elementor-widget-container\">\n\t\t\t\t\t\t\t\t\t<h3><strong>Stornierungen, die k\u00fcrzer als 30 Tage vor der Ankunft erfolgen. Im Winter 48 Stunden im Fall von sehr schlechtem Wetter:<\/strong><\/h3>\t\t\t\t\t\t\t\t<\/div>\n\t\t\t\t<\/div>\n\t\t\t\t<div class=\"elementor-element elementor-element-8279df9 elementor-widget elementor-widget-text-editor\" data-id=\"8279df9\" data-element_type=\"widget\" data-e-type=\"widget\" data-settings=\"{&quot;hoteller_ext_is_scrollme&quot;:&quot;false&quot;,&quot;hoteller_ext_is_smoove&quot;:&quot;false&quot;,&quot;hoteller_ext_is_parallax_mouse&quot;:&quot;false&quot;,&quot;hoteller_ext_is_infinite&quot;:&quot;false&quot;,&quot;hoteller_ext_is_fadeout_animation&quot;:&quot;false&quot;}\" data-widget_type=\"text-editor.default\">\n\t\t\t\t<div class=\"elementor-widget-container\">\n\t\t\t\t\t\t\t\t\t<h3>100% des gezahlten Betrags werden vom Gastgeber einbehalten. Stornierungen, die weniger als 48 Stunden vor der Ankunft erfolgen, werden als No-Show betrachtet.\n<\/h3>\t\t\t\t\t\t\t\t<\/div>\n\t\t\t\t<\/div>\n\t\t\t\t<div class=\"elementor-element elementor-element-1618fe4 elementor-widget elementor-widget-text-editor\" data-id=\"1618fe4\" data-element_type=\"widget\" data-e-type=\"widget\" data-settings=\"{&quot;hoteller_ext_is_scrollme&quot;:&quot;false&quot;,&quot;hoteller_ext_is_smoove&quot;:&quot;false&quot;,&quot;hoteller_ext_is_parallax_mouse&quot;:&quot;false&quot;,&quot;hoteller_ext_is_infinite&quot;:&quot;false&quot;,&quot;hoteller_ext_is_fadeout_animation&quot;:&quot;false&quot;}\" data-widget_type=\"text-editor.default\">\n\t\t\t\t<div class=\"elementor-widget-container\">\n\t\t\t\t\t\t\t\t\t<h3>Die Stornierung muss dem Gastgeber bis 23.59 Uhr des betreffenden Tages in der Zeitzone des Gastgebers schriftlich mitgeteilt werden.\n<\/h3>\t\t\t\t\t\t\t\t<\/div>\n\t\t\t\t<\/div>\n\t\t\t\t<div class=\"elementor-element elementor-element-32641f2 elementor-widget elementor-widget-text-editor\" data-id=\"32641f2\" data-element_type=\"widget\" data-e-type=\"widget\" data-settings=\"{&quot;hoteller_ext_is_scrollme&quot;:&quot;false&quot;,&quot;hoteller_ext_is_smoove&quot;:&quot;false&quot;,&quot;hoteller_ext_is_parallax_mouse&quot;:&quot;false&quot;,&quot;hoteller_ext_is_infinite&quot;:&quot;false&quot;,&quot;hoteller_ext_is_fadeout_animation&quot;:&quot;false&quot;}\" data-widget_type=\"text-editor.default\">\n\t\t\t\t<div class=\"elementor-widget-container\">\n\t\t\t\t\t\t\t\t\t<h3>Der Gastgeber beh\u00e4lt sich das Recht vor, die Art und Weise der R\u00fcckerstattung festzulegen. Die Er\u00f6ffnung eines PayPal-Kontos oder andere Anforderungen k\u00f6nnen eine Bedingung f\u00fcr die Erstattung sein.\n<\/h3>\t\t\t\t\t\t\t\t<\/div>\n\t\t\t\t<\/div>\n\t\t\t\t<div class=\"elementor-element elementor-element-b2e17ad elementor-widget elementor-widget-text-editor\" data-id=\"b2e17ad\" data-element_type=\"widget\" data-e-type=\"widget\" data-settings=\"{&quot;hoteller_ext_is_scrollme&quot;:&quot;false&quot;,&quot;hoteller_ext_is_smoove&quot;:&quot;false&quot;,&quot;hoteller_ext_is_parallax_mouse&quot;:&quot;false&quot;,&quot;hoteller_ext_is_infinite&quot;:&quot;false&quot;,&quot;hoteller_ext_is_fadeout_animation&quot;:&quot;false&quot;}\" data-no-translation=\"\" data-widget_type=\"text-editor.default\">\n\t\t\t\t<div class=\"elementor-widget-container\">\n\t\t\t\t\t<style>.elementor-element-b2e17ad{display:none !important}<\/style>\t\t\t\t<\/div>\n\t\t\t\t<\/div>\n\t\t\t\t<div class=\"elementor-element elementor-element-dafd7e2 elementor-widget elementor-widget-text-editor\" data-id=\"dafd7e2\" data-element_type=\"widget\" data-e-type=\"widget\" data-settings=\"{&quot;hoteller_ext_is_scrollme&quot;:&quot;false&quot;,&quot;hoteller_ext_is_smoove&quot;:&quot;false&quot;,&quot;hoteller_ext_is_parallax_mouse&quot;:&quot;false&quot;,&quot;hoteller_ext_is_infinite&quot;:&quot;false&quot;,&quot;hoteller_ext_is_fadeout_animation&quot;:&quot;false&quot;}\" data-no-translation=\"\" data-widget_type=\"text-editor.default\">\n\t\t\t\t<div class=\"elementor-widget-container\">\n\t\t\t\t\t<style>.elementor-element-dafd7e2{display:none !important}<\/style>\t\t\t\t<\/div>\n\t\t\t\t<\/div>\n\t\t\t\t<div class=\"elementor-element elementor-element-5a3e116 elementor-widget elementor-widget-text-editor\" data-id=\"5a3e116\" data-element_type=\"widget\" data-e-type=\"widget\" data-settings=\"{&quot;hoteller_ext_is_scrollme&quot;:&quot;false&quot;,&quot;hoteller_ext_is_smoove&quot;:&quot;false&quot;,&quot;hoteller_ext_is_parallax_mouse&quot;:&quot;false&quot;,&quot;hoteller_ext_is_infinite&quot;:&quot;false&quot;,&quot;hoteller_ext_is_fadeout_animation&quot;:&quot;false&quot;}\" data-no-translation=\"\" data-widget_type=\"text-editor.default\">\n\t\t\t\t<div class=\"elementor-widget-container\">\n\t\t\t\t\t\t\t\t\t<h3>Wenn Sie eine Reservierung \u00fcber die Website <span style=\"text-decoration: underline;\"><a href=\"https:\/\/www.montourdumontblanc.com\/de\/index.aspx\" target=\"_blank\" rel=\"noopener\">www.montourdumontblanc.com<\/a><\/span> vornehmen, wird Ihnen eine Versicherung \u00ab\u00a0Stornierung \/ Unterbrechung des Aufenthalts\u00a0\u00bb angeboten.<\/h3>\t\t\t\t\t\t\t\t<\/div>\n\t\t\t\t<\/div>\n\t\t\t\t<div class=\"elementor-element elementor-element-49a88f4 elementor-widget elementor-widget-text-editor\" data-id=\"49a88f4\" data-element_type=\"widget\" data-e-type=\"widget\" data-settings=\"{&quot;hoteller_ext_is_scrollme&quot;:&quot;false&quot;,&quot;hoteller_ext_is_smoove&quot;:&quot;false&quot;,&quot;hoteller_ext_is_parallax_mouse&quot;:&quot;false&quot;,&quot;hoteller_ext_is_infinite&quot;:&quot;false&quot;,&quot;hoteller_ext_is_fadeout_animation&quot;:&quot;false&quot;}\" data-widget_type=\"text-editor.default\">\n\t\t\t\t<div class=\"elementor-widget-container\">\n\t\t\t\t\t\t\t\t\t<h3>Wir empfehlen Ihnen dringend, diese Versicherung abzuschlie\u00dfen, die alle w\u00e4hrend Ihrer Reservierung anfallenden Kosten gem\u00e4\u00df den vom Versicherer festgelegten Garantien abdeckt.<\/h3>\t\t\t\t\t\t\t\t<\/div>\n\t\t\t\t<\/div>\n\t\t\t\t<section class=\"elementor-section elementor-inner-section elementor-element elementor-element-4ce4872 elementor-section-boxed elementor-section-height-default elementor-section-height-default\" data-id=\"4ce4872\" data-element_type=\"section\" data-e-type=\"section\" data-settings=\"{&quot;hoteller_ext_is_background_parallax&quot;:&quot;false&quot;,&quot;hoteller_ext_is_background_on_scroll&quot;:&quot;false&quot;}\">\n\t\t\t\t\t\t<div class=\"elementor-container elementor-column-gap-default\">\n\t\t\t\t\t<div class=\"elementor-column elementor-col-50 elementor-inner-column elementor-element elementor-element-95b5b0f\" data-id=\"95b5b0f\" data-element_type=\"column\" data-e-type=\"column\" data-settings=\"{&quot;hoteller_ext_is_scrollme&quot;:&quot;false&quot;,&quot;hoteller_ext_is_smoove&quot;:&quot;false&quot;,&quot;hoteller_ext_is_parallax_mouse&quot;:&quot;false&quot;,&quot;hoteller_ext_is_infinite&quot;:&quot;false&quot;,&quot;hoteller_ext_is_fadeout_animation&quot;:&quot;false&quot;}\">\n\t\t\t<div class=\"elementor-widget-wrap\">\n\t\t\t\t\t\t\t<\/div>\n\t\t<\/div>\n\t\t\t\t<div class=\"elementor-column elementor-col-50 elementor-inner-column elementor-element elementor-element-c7513c3\" data-id=\"c7513c3\" data-element_type=\"column\" data-e-type=\"column\" data-settings=\"{&quot;hoteller_ext_is_scrollme&quot;:&quot;false&quot;,&quot;hoteller_ext_is_smoove&quot;:&quot;false&quot;,&quot;hoteller_ext_is_parallax_mouse&quot;:&quot;false&quot;,&quot;hoteller_ext_is_infinite&quot;:&quot;false&quot;,&quot;hoteller_ext_is_fadeout_animation&quot;:&quot;false&quot;}\">\n\t\t\t<div class=\"elementor-widget-wrap\">\n\t\t\t\t\t\t\t<\/div>\n\t\t<\/div>\n\t\t\t\t\t<\/div>\n\t\t<\/section>\n\t\t\t\t\t<\/div>\n\t\t<\/div>\n\t\t\t\t\t<\/div>\n\t\t<\/section>\n\t\t\t\t<\/div>","protected":false},"excerpt":{"rendered":"<p>Annulations effectu\u00e9es plus de 30 jours avant l&rsquo;arriv\u00e9e : 80% du montant pay\u00e9 sera rembours\u00e9. 20% du montant pay\u00e9 plus la commission PayPal seront retenus pour couvrir les frais de remboursement et de traitement de l&rsquo;annulation. Annulations effectu\u00e9es moins de [&hellip;]<\/p>\n","protected":false},"author":1,"featured_media":0,"parent":0,"menu_order":0,"comment_status":"closed","ping_status":"closed","template":"","meta":{"_acf_changed":false,"inline_featured_image":false,"_lmt_disableupdate":"","_lmt_disable":"","footnotes":""},"class_list":["post-4049","page","type-page","status-publish","hentry"],"acf":[],"yoast_head":"<!-- This site is optimized with the Yoast SEO plugin v27.3 - https:\/\/yoast.com\/product\/yoast-seo-wordpress\/ -->\n<title>Politique d&#039;annulation - Arpette<\/title>\n<meta name=\"description\" content=\"Politique d&#039;annulation pour la saison d&#039;hiver sur demande. Annulation faite \u00e0 plus de 31 jours avant la date d\u2019arriv\u00e9e...\" \/>\n<meta name=\"robots\" content=\"index, follow, max-snippet:-1, max-image-preview:large, max-video-preview:-1\" \/>\n<link rel=\"canonical\" href=\"https:\/\/arpette.ch\/de\/politique-dannulation\/\" \/>\n<meta property=\"og:locale\" content=\"de_DE\" \/>\n<meta property=\"og:type\" content=\"article\" \/>\n<meta property=\"og:title\" content=\"Politique d&#039;annulation - Arpette\" \/>\n<meta property=\"og:description\" content=\"Politique d&#039;annulation pour la saison d&#039;hiver sur demande. Annulation faite \u00e0 plus de 31 jours avant la date d\u2019arriv\u00e9e...\" \/>\n<meta property=\"og:url\" content=\"https:\/\/arpette.ch\/de\/politique-dannulation\/\" \/>\n<meta property=\"og:site_name\" content=\"Arpette\" \/>\n<meta property=\"article:modified_time\" content=\"2024-06-27T10:25:04+00:00\" \/>\n<meta name=\"twitter:card\" content=\"summary_large_image\" \/>\n<meta name=\"twitter:label1\" content=\"Gesch\u00e4tzte Lesezeit\" \/>\n\t<meta name=\"twitter:data1\" content=\"2\u00a0Minuten\" \/>\n<script type=\"application\/ld+json\" class=\"yoast-schema-graph\">{\"@context\":\"https:\\\/\\\/schema.org\",\"@graph\":[{\"@type\":\"WebPage\",\"@id\":\"https:\\\/\\\/arpette.ch\\\/politique-dannulation\\\/\",\"url\":\"https:\\\/\\\/arpette.ch\\\/politique-dannulation\\\/\",\"name\":\"Politique d'annulation - Arpette\",\"isPartOf\":{\"@id\":\"https:\\\/\\\/arpette.ch\\\/de\\\/#website\"},\"datePublished\":\"2023-05-02T11:56:10+00:00\",\"dateModified\":\"2024-06-27T10:25:04+00:00\",\"description\":\"Politique d'annulation pour la saison d'hiver sur demande. Annulation faite \u00e0 plus de 31 jours avant la date d\u2019arriv\u00e9e...\",\"breadcrumb\":{\"@id\":\"https:\\\/\\\/arpette.ch\\\/politique-dannulation\\\/#breadcrumb\"},\"inLanguage\":\"de\",\"potentialAction\":[{\"@type\":\"ReadAction\",\"target\":[\"https:\\\/\\\/arpette.ch\\\/politique-dannulation\\\/\"]}]},{\"@type\":\"BreadcrumbList\",\"@id\":\"https:\\\/\\\/arpette.ch\\\/politique-dannulation\\\/#breadcrumb\",\"itemListElement\":[{\"@type\":\"ListItem\",\"position\":1,\"name\":\"Accueil\",\"item\":\"https:\\\/\\\/arpette.ch\\\/\"},{\"@type\":\"ListItem\",\"position\":2,\"name\":\"Politique d&rsquo;annulation\"}]},{\"@type\":\"WebSite\",\"@id\":\"https:\\\/\\\/arpette.ch\\\/de\\\/#website\",\"url\":\"https:\\\/\\\/arpette.ch\\\/de\\\/\",\"name\":\"Arpette\",\"description\":\"\",\"potentialAction\":[{\"@type\":\"SearchAction\",\"target\":{\"@type\":\"EntryPoint\",\"urlTemplate\":\"https:\\\/\\\/arpette.ch\\\/de\\\/?s={search_term_string}\"},\"query-input\":{\"@type\":\"PropertyValueSpecification\",\"valueRequired\":true,\"valueName\":\"search_term_string\"}}],\"inLanguage\":\"de\"}]}<\/script>\n<!-- \/ Yoast SEO plugin. -->","yoast_head_json":{"title":"Politique d'annulation - Arpette","description":"Politique d'annulation pour la saison d'hiver sur demande. Annulation faite \u00e0 plus de 31 jours avant la date d\u2019arriv\u00e9e...","robots":{"index":"index","follow":"follow","max-snippet":"max-snippet:-1","max-image-preview":"max-image-preview:large","max-video-preview":"max-video-preview:-1"},"canonical":"https:\/\/arpette.ch\/de\/politique-dannulation\/","og_locale":"de_DE","og_type":"article","og_title":"Politique d'annulation - Arpette","og_description":"Politique d'annulation pour la saison d'hiver sur demande. Annulation faite \u00e0 plus de 31 jours avant la date d\u2019arriv\u00e9e...","og_url":"https:\/\/arpette.ch\/de\/politique-dannulation\/","og_site_name":"Arpette","article_modified_time":"2024-06-27T10:25:04+00:00","twitter_card":"summary_large_image","twitter_misc":{"Gesch\u00e4tzte Lesezeit":"2\u00a0Minuten"},"schema":{"@context":"https:\/\/schema.org","@graph":[{"@type":"WebPage","@id":"https:\/\/arpette.ch\/politique-dannulation\/","url":"https:\/\/arpette.ch\/politique-dannulation\/","name":"Politique d'annulation - Arpette","isPartOf":{"@id":"https:\/\/arpette.ch\/de\/#website"},"datePublished":"2023-05-02T11:56:10+00:00","dateModified":"2024-06-27T10:25:04+00:00","description":"Politique d'annulation pour la saison d'hiver sur demande. Annulation faite \u00e0 plus de 31 jours avant la date d\u2019arriv\u00e9e...","breadcrumb":{"@id":"https:\/\/arpette.ch\/politique-dannulation\/#breadcrumb"},"inLanguage":"de","potentialAction":[{"@type":"ReadAction","target":["https:\/\/arpette.ch\/politique-dannulation\/"]}]},{"@type":"BreadcrumbList","@id":"https:\/\/arpette.ch\/politique-dannulation\/#breadcrumb","itemListElement":[{"@type":"ListItem","position":1,"name":"Accueil","item":"https:\/\/arpette.ch\/"},{"@type":"ListItem","position":2,"name":"Politique d&rsquo;annulation"}]},{"@type":"WebSite","@id":"https:\/\/arpette.ch\/de\/#website","url":"https:\/\/arpette.ch\/de\/","name":"Arpette","description":"","potentialAction":[{"@type":"SearchAction","target":{"@type":"EntryPoint","urlTemplate":"https:\/\/arpette.ch\/de\/?s={search_term_string}"},"query-input":{"@type":"PropertyValueSpecification","valueRequired":true,"valueName":"search_term_string"}}],"inLanguage":"de"}]}},"_links":{"self":[{"href":"https:\/\/arpette.ch\/de\/wp-json\/wp\/v2\/pages\/4049","targetHints":{"allow":["GET"]}}],"collection":[{"href":"https:\/\/arpette.ch\/de\/wp-json\/wp\/v2\/pages"}],"about":[{"href":"https:\/\/arpette.ch\/de\/wp-json\/wp\/v2\/types\/page"}],"author":[{"embeddable":true,"href":"https:\/\/arpette.ch\/de\/wp-json\/wp\/v2\/users\/1"}],"replies":[{"embeddable":true,"href":"https:\/\/arpette.ch\/de\/wp-json\/wp\/v2\/comments?post=4049"}],"version-history":[{"count":39,"href":"https:\/\/arpette.ch\/de\/wp-json\/wp\/v2\/pages\/4049\/revisions"}],"predecessor-version":[{"id":5038,"href":"https:\/\/arpette.ch\/de\/wp-json\/wp\/v2\/pages\/4049\/revisions\/5038"}],"wp:attachment":[{"href":"https:\/\/arpette.ch\/de\/wp-json\/wp\/v2\/media?parent=4049"}],"curies":[{"name":"wp","href":"https:\/\/api.w.org\/{rel}","templated":true}]}}