{"id":4075,"date":"2023-05-02T12:52:48","date_gmt":"2023-05-02T12:52:48","guid":{"rendered":"https:\/\/arpette.ch\/?page_id=4075"},"modified":"2023-05-08T08:26:40","modified_gmt":"2023-05-08T08:26:40","slug":"evenements","status":"publish","type":"page","link":"https:\/\/arpette.ch\/de\/evenements\/","title":{"rendered":"Private Events \u2013 Hochzeiten \u2013 Geburtstage"},"content":{"rendered":"<div data-elementor-type=\"wp-page\" data-elementor-id=\"4075\" class=\"elementor elementor-4075\">\n\t\t\t\t\t\t<section class=\"elementor-section elementor-top-section elementor-element elementor-element-7dc8b775 elementor-section-boxed elementor-section-height-default elementor-section-height-default\" data-id=\"7dc8b775\" data-element_type=\"section\" data-e-type=\"section\" data-settings=\"{&quot;hoteller_ext_is_background_parallax&quot;:&quot;false&quot;,&quot;hoteller_ext_is_background_on_scroll&quot;:&quot;false&quot;}\">\n\t\t\t\t\t\t<div class=\"elementor-container elementor-column-gap-default\">\n\t\t\t\t\t<div class=\"elementor-column elementor-col-100 elementor-top-column elementor-element elementor-element-5291e607\" data-id=\"5291e607\" data-element_type=\"column\" data-e-type=\"column\" data-settings=\"{&quot;hoteller_ext_is_scrollme&quot;:&quot;false&quot;,&quot;hoteller_ext_is_smoove&quot;:&quot;false&quot;,&quot;hoteller_ext_is_parallax_mouse&quot;:&quot;false&quot;,&quot;hoteller_ext_is_infinite&quot;:&quot;false&quot;,&quot;hoteller_ext_is_fadeout_animation&quot;:&quot;false&quot;}\">\n\t\t\t<div class=\"elementor-widget-wrap elementor-element-populated\">\n\t\t\t\t\t\t<div class=\"elementor-element elementor-element-d99c029 elementor-widget elementor-widget-spacer\" data-id=\"d99c029\" data-element_type=\"widget\" data-e-type=\"widget\" data-settings=\"{&quot;hoteller_ext_is_scrollme&quot;:&quot;false&quot;,&quot;hoteller_ext_is_smoove&quot;:&quot;false&quot;,&quot;hoteller_ext_is_parallax_mouse&quot;:&quot;false&quot;,&quot;hoteller_ext_is_infinite&quot;:&quot;false&quot;,&quot;hoteller_ext_is_fadeout_animation&quot;:&quot;false&quot;}\" data-widget_type=\"spacer.default\">\n\t\t\t\t<div class=\"elementor-widget-container\">\n\t\t\t\t\t\t\t<div class=\"elementor-spacer\">\n\t\t\t<div class=\"elementor-spacer-inner\"><\/div>\n\t\t<\/div>\n\t\t\t\t\t\t<\/div>\n\t\t\t\t<\/div>\n\t\t\t\t<div class=\"elementor-element elementor-element-cebb1a9 elementor-widget elementor-widget-text-editor\" data-id=\"cebb1a9\" data-element_type=\"widget\" data-e-type=\"widget\" data-settings=\"{&quot;hoteller_ext_is_scrollme&quot;:&quot;false&quot;,&quot;hoteller_ext_is_smoove&quot;:&quot;false&quot;,&quot;hoteller_ext_is_parallax_mouse&quot;:&quot;false&quot;,&quot;hoteller_ext_is_infinite&quot;:&quot;false&quot;,&quot;hoteller_ext_is_fadeout_animation&quot;:&quot;false&quot;}\" data-widget_type=\"text-editor.default\">\n\t\t\t\t<div class=\"elementor-widget-container\">\n\t\t\t\t\t\t\t\t\t<h3><strong>Zelebriere die sch\u00f6nsten Momente mit Familie und Freunden im Relais d\u2019Arpette. Diese Augenblicke in der einzigartigen Berglandschaft bleiben f\u00fcr immer im Ged\u00e4chtnis der G\u00e4ste.<\/strong><\/h3>\t\t\t\t\t\t\t\t<\/div>\n\t\t\t\t<\/div>\n\t\t\t\t<div class=\"elementor-element elementor-element-f88cda3 elementor-widget elementor-widget-spacer\" data-id=\"f88cda3\" data-element_type=\"widget\" data-e-type=\"widget\" data-settings=\"{&quot;hoteller_ext_is_scrollme&quot;:&quot;false&quot;,&quot;hoteller_ext_is_smoove&quot;:&quot;false&quot;,&quot;hoteller_ext_is_parallax_mouse&quot;:&quot;false&quot;,&quot;hoteller_ext_is_infinite&quot;:&quot;false&quot;,&quot;hoteller_ext_is_fadeout_animation&quot;:&quot;false&quot;}\" data-widget_type=\"spacer.default\">\n\t\t\t\t<div class=\"elementor-widget-container\">\n\t\t\t\t\t\t\t<div class=\"elementor-spacer\">\n\t\t\t<div class=\"elementor-spacer-inner\"><\/div>\n\t\t<\/div>\n\t\t\t\t\t\t<\/div>\n\t\t\t\t<\/div>\n\t\t\t\t<section class=\"elementor-section elementor-inner-section elementor-element elementor-element-4ce4872 elementor-section-boxed elementor-section-height-default elementor-section-height-default\" data-id=\"4ce4872\" data-element_type=\"section\" data-e-type=\"section\" data-settings=\"{&quot;hoteller_ext_is_background_parallax&quot;:&quot;false&quot;,&quot;hoteller_ext_is_background_on_scroll&quot;:&quot;false&quot;}\">\n\t\t\t\t\t\t<div class=\"elementor-container elementor-column-gap-default\">\n\t\t\t\t\t<div class=\"elementor-column elementor-col-50 elementor-inner-column elementor-element elementor-element-95b5b0f\" data-id=\"95b5b0f\" data-element_type=\"column\" data-e-type=\"column\" data-settings=\"{&quot;hoteller_ext_is_scrollme&quot;:&quot;false&quot;,&quot;hoteller_ext_is_smoove&quot;:&quot;false&quot;,&quot;hoteller_ext_is_parallax_mouse&quot;:&quot;false&quot;,&quot;hoteller_ext_is_infinite&quot;:&quot;false&quot;,&quot;hoteller_ext_is_fadeout_animation&quot;:&quot;false&quot;}\">\n\t\t\t<div class=\"elementor-widget-wrap elementor-element-populated\">\n\t\t\t\t\t\t<div class=\"elementor-element elementor-element-77ba24b elementor-widget elementor-widget-text-editor\" data-id=\"77ba24b\" data-element_type=\"widget\" data-e-type=\"widget\" data-settings=\"{&quot;hoteller_ext_is_scrollme&quot;:&quot;false&quot;,&quot;hoteller_ext_is_smoove&quot;:&quot;false&quot;,&quot;hoteller_ext_is_parallax_mouse&quot;:&quot;false&quot;,&quot;hoteller_ext_is_infinite&quot;:&quot;false&quot;,&quot;hoteller_ext_is_fadeout_animation&quot;:&quot;false&quot;}\" data-widget_type=\"text-editor.default\">\n\t\t\t\t<div class=\"elementor-widget-container\">\n\t\t\t\t\t\t\t\t\t<h3>Sehr gerne machen wir Ihnen ein massgeschneidertes Angebot f\u00fcr Ihre Veranstaltung. Sie k\u00f6nnen das Relais d\u2019Arpette komplett mit Restaurant und Unterkunft mieten und privatisieren. Wir verf\u00fcgen je nach Raumaufteilung \u00fcber maximal 130 Sitzpl\u00e4tze im Innenbereich und weitere 120 Sitzpl\u00e4tze im Aussenbereich. Im Sommer verf\u00fcgen wir \u00fcber ungef\u00e4hr 100 Betten, aufgeteilt in private und Gemeinschaftszimmer. Zus\u00e4tzlich Stellpl\u00e4tze f\u00fcr Zelte und Wohnmobile auf unseren Campingplatz. Im Winter verf\u00fcgen wir \u00fcber maximal 80 Betten.<\/h3>\t\t\t\t\t\t\t\t<\/div>\n\t\t\t\t<\/div>\n\t\t\t\t\t<\/div>\n\t\t<\/div>\n\t\t\t\t<div class=\"elementor-column elementor-col-50 elementor-inner-column elementor-element elementor-element-c7513c3\" data-id=\"c7513c3\" data-element_type=\"column\" data-e-type=\"column\" data-settings=\"{&quot;hoteller_ext_is_scrollme&quot;:&quot;false&quot;,&quot;hoteller_ext_is_smoove&quot;:&quot;false&quot;,&quot;hoteller_ext_is_parallax_mouse&quot;:&quot;false&quot;,&quot;hoteller_ext_is_infinite&quot;:&quot;false&quot;,&quot;hoteller_ext_is_fadeout_animation&quot;:&quot;false&quot;}\">\n\t\t\t<div class=\"elementor-widget-wrap elementor-element-populated\">\n\t\t\t\t\t\t<div class=\"elementor-element elementor-element-d50f590 elementor-widget elementor-widget-image\" data-id=\"d50f590\" data-element_type=\"widget\" data-e-type=\"widget\" data-settings=\"{&quot;hoteller_image_is_animation&quot;:&quot;false&quot;,&quot;hoteller_ext_is_scrollme&quot;:&quot;false&quot;,&quot;hoteller_ext_is_smoove&quot;:&quot;false&quot;,&quot;hoteller_ext_is_parallax_mouse&quot;:&quot;false&quot;,&quot;hoteller_ext_is_infinite&quot;:&quot;false&quot;,&quot;hoteller_ext_is_fadeout_animation&quot;:&quot;false&quot;}\" data-widget_type=\"image.default\">\n\t\t\t\t<div class=\"elementor-widget-container\">\n\t\t\t\t\t\t\t\t\t\t\t\t\t\t\t<img fetchpriority=\"high\" decoding=\"async\" width=\"1024\" height=\"768\" src=\"https:\/\/arpette.ch\/wp-content\/uploads\/2023\/05\/marriage-1024x768.jpg\" class=\"attachment-large size-large wp-image-4084\" alt=\"marriage \u00e0 l&#039;Arpette\" srcset=\"https:\/\/arpette.ch\/wp-content\/uploads\/2023\/05\/marriage-1024x768.jpg 1024w, https:\/\/arpette.ch\/wp-content\/uploads\/2023\/05\/marriage-300x225.jpg 300w, https:\/\/arpette.ch\/wp-content\/uploads\/2023\/05\/marriage-768x576.jpg 768w, https:\/\/arpette.ch\/wp-content\/uploads\/2023\/05\/marriage-16x12.jpg 16w, https:\/\/arpette.ch\/wp-content\/uploads\/2023\/05\/marriage-440x330.jpg 440w, https:\/\/arpette.ch\/wp-content\/uploads\/2023\/05\/marriage-600x450.jpg 600w, https:\/\/arpette.ch\/wp-content\/uploads\/2023\/05\/marriage.jpg 1500w\" sizes=\"(max-width: 1024px) 100vw, 1024px\" \/>\t\t\t\t\t\t\t\t\t\t\t\t\t\t\t<\/div>\n\t\t\t\t<\/div>\n\t\t\t\t\t<\/div>\n\t\t<\/div>\n\t\t\t\t\t<\/div>\n\t\t<\/section>\n\t\t\t\t<div class=\"elementor-element elementor-element-9b23326 elementor-widget elementor-widget-spacer\" data-id=\"9b23326\" data-element_type=\"widget\" data-e-type=\"widget\" data-settings=\"{&quot;hoteller_ext_is_scrollme&quot;:&quot;false&quot;,&quot;hoteller_ext_is_smoove&quot;:&quot;false&quot;,&quot;hoteller_ext_is_parallax_mouse&quot;:&quot;false&quot;,&quot;hoteller_ext_is_infinite&quot;:&quot;false&quot;,&quot;hoteller_ext_is_fadeout_animation&quot;:&quot;false&quot;}\" data-widget_type=\"spacer.default\">\n\t\t\t\t<div class=\"elementor-widget-container\">\n\t\t\t\t\t\t\t<div class=\"elementor-spacer\">\n\t\t\t<div class=\"elementor-spacer-inner\"><\/div>\n\t\t<\/div>\n\t\t\t\t\t\t<\/div>\n\t\t\t\t<\/div>\n\t\t\t\t<section class=\"elementor-section elementor-inner-section elementor-element elementor-element-84efa3c elementor-section-boxed elementor-section-height-default elementor-section-height-default\" data-id=\"84efa3c\" data-element_type=\"section\" data-e-type=\"section\" data-settings=\"{&quot;hoteller_ext_is_background_parallax&quot;:&quot;false&quot;,&quot;hoteller_ext_is_background_on_scroll&quot;:&quot;false&quot;}\">\n\t\t\t\t\t\t<div class=\"elementor-container elementor-column-gap-default\">\n\t\t\t\t\t<div class=\"elementor-column elementor-col-100 elementor-inner-column elementor-element elementor-element-7147286\" data-id=\"7147286\" data-element_type=\"column\" data-e-type=\"column\" data-settings=\"{&quot;hoteller_ext_is_scrollme&quot;:&quot;false&quot;,&quot;hoteller_ext_is_smoove&quot;:&quot;false&quot;,&quot;hoteller_ext_is_parallax_mouse&quot;:&quot;false&quot;,&quot;hoteller_ext_is_infinite&quot;:&quot;false&quot;,&quot;hoteller_ext_is_fadeout_animation&quot;:&quot;false&quot;}\">\n\t\t\t<div class=\"elementor-widget-wrap elementor-element-populated\">\n\t\t\t\t\t\t<div class=\"elementor-element elementor-element-306e8b4 elementor-widget elementor-widget-text-editor\" data-id=\"306e8b4\" data-element_type=\"widget\" data-e-type=\"widget\" data-settings=\"{&quot;hoteller_ext_is_scrollme&quot;:&quot;false&quot;,&quot;hoteller_ext_is_smoove&quot;:&quot;false&quot;,&quot;hoteller_ext_is_parallax_mouse&quot;:&quot;false&quot;,&quot;hoteller_ext_is_infinite&quot;:&quot;false&quot;,&quot;hoteller_ext_is_fadeout_animation&quot;:&quot;false&quot;}\" data-widget_type=\"text-editor.default\">\n\t\t\t\t<div class=\"elementor-widget-container\">\n\t\t\t\t\t\t\t\t\t<h3>Wir richten uns gerne nach Ihren kulinarischen W\u00fcnschen und Ihrem Budget. Bitte rufen Sie uns f\u00fcr weitere Informationen an oder senden eine E-Mail. <strong><span style=\"text-decoration: underline;\"><a href=\"mailto:info@arpette.ch\">info@arpette.ch<\/a><\/span><\/strong><\/h3>\t\t\t\t\t\t\t\t<\/div>\n\t\t\t\t<\/div>\n\t\t\t\t\t<\/div>\n\t\t<\/div>\n\t\t\t\t\t<\/div>\n\t\t<\/section>\n\t\t\t\t\t<\/div>\n\t\t<\/div>\n\t\t\t\t\t<\/div>\n\t\t<\/section>\n\t\t\t\t<section class=\"elementor-section elementor-top-section elementor-element elementor-element-0aaebfc elementor-section-boxed elementor-section-height-default elementor-section-height-default\" data-id=\"0aaebfc\" data-element_type=\"section\" data-e-type=\"section\" data-settings=\"{&quot;hoteller_ext_is_background_parallax&quot;:&quot;false&quot;,&quot;hoteller_ext_is_background_on_scroll&quot;:&quot;false&quot;}\">\n\t\t\t\t\t\t<div class=\"elementor-container elementor-column-gap-default\">\n\t\t\t\t\t<div class=\"elementor-column elementor-col-100 elementor-top-column elementor-element elementor-element-9f44261\" data-id=\"9f44261\" data-element_type=\"column\" data-e-type=\"column\" data-settings=\"{&quot;hoteller_ext_is_scrollme&quot;:&quot;false&quot;,&quot;hoteller_ext_is_smoove&quot;:&quot;false&quot;,&quot;hoteller_ext_is_parallax_mouse&quot;:&quot;false&quot;,&quot;hoteller_ext_is_infinite&quot;:&quot;false&quot;,&quot;hoteller_ext_is_fadeout_animation&quot;:&quot;false&quot;}\">\n\t\t\t<div class=\"elementor-widget-wrap elementor-element-populated\">\n\t\t\t\t\t\t<div class=\"elementor-element elementor-element-9a44801 elementor-widget elementor-widget-spacer\" data-id=\"9a44801\" data-element_type=\"widget\" data-e-type=\"widget\" data-settings=\"{&quot;hoteller_ext_is_scrollme&quot;:&quot;false&quot;,&quot;hoteller_ext_is_smoove&quot;:&quot;false&quot;,&quot;hoteller_ext_is_parallax_mouse&quot;:&quot;false&quot;,&quot;hoteller_ext_is_infinite&quot;:&quot;false&quot;,&quot;hoteller_ext_is_fadeout_animation&quot;:&quot;false&quot;}\" data-widget_type=\"spacer.default\">\n\t\t\t\t<div class=\"elementor-widget-container\">\n\t\t\t\t\t\t\t<div class=\"elementor-spacer\">\n\t\t\t<div class=\"elementor-spacer-inner\"><\/div>\n\t\t<\/div>\n\t\t\t\t\t\t<\/div>\n\t\t\t\t<\/div>\n\t\t\t\t\t<\/div>\n\t\t<\/div>\n\t\t\t\t\t<\/div>\n\t\t<\/section>\n\t\t\t\t<\/div>","protected":false},"excerpt":{"rendered":"<p>C\u00e9l\u00e9brez les plus beaux moments en famille et entre amis au Relais d&rsquo;Arpette. Ces moments dans un paysage de montagne unique resteront \u00e0 jamais grav\u00e9s dans la m\u00e9moire des h\u00f4tes. C&rsquo;est avec grand plaisir que nous vous ferons une offre [&hellip;]<\/p>\n","protected":false},"author":1,"featured_media":0,"parent":0,"menu_order":0,"comment_status":"closed","ping_status":"closed","template":"","meta":{"_acf_changed":false,"inline_featured_image":false,"_lmt_disableupdate":"","_lmt_disable":"","footnotes":""},"class_list":["post-4075","page","type-page","status-publish","hentry"],"acf":[],"yoast_head":"<!-- This site is optimized with the Yoast SEO plugin v27.4 - https:\/\/yoast.com\/product\/yoast-seo-wordpress\/ -->\n<title>\u00c9v\u00e9nements priv\u00e9s - Mariages \u2013 Anniversaires - Arpette<\/title>\n<meta name=\"description\" content=\"C\u00e9l\u00e9brez les plus beaux moments en famille et entre amis au Relais d\u2019Arpette. Vous passerez des moments uniques dans ce paysage de montagne.\" \/>\n<meta name=\"robots\" content=\"index, follow, max-snippet:-1, max-image-preview:large, max-video-preview:-1\" \/>\n<link rel=\"canonical\" href=\"https:\/\/arpette.ch\/de\/evenements\/\" \/>\n<meta property=\"og:locale\" content=\"de_DE\" \/>\n<meta property=\"og:type\" content=\"article\" \/>\n<meta property=\"og:title\" content=\"\u00c9v\u00e9nements priv\u00e9s - Mariages \u2013 Anniversaires - Arpette\" \/>\n<meta property=\"og:description\" content=\"C\u00e9l\u00e9brez les plus beaux moments en famille et entre amis au Relais d\u2019Arpette. Vous passerez des moments uniques dans ce paysage de montagne.\" \/>\n<meta property=\"og:url\" content=\"https:\/\/arpette.ch\/de\/evenements\/\" \/>\n<meta property=\"og:site_name\" content=\"Arpette\" \/>\n<meta property=\"article:modified_time\" content=\"2023-05-08T08:26:40+00:00\" \/>\n<meta property=\"og:image\" content=\"https:\/\/arpette.ch\/wp-content\/uploads\/2023\/05\/marriage-1024x768.jpg\" \/>\n<meta name=\"twitter:card\" content=\"summary_large_image\" \/>\n<meta name=\"twitter:label1\" content=\"Gesch\u00e4tzte Lesezeit\" \/>\n\t<meta name=\"twitter:data1\" content=\"1\u00a0Minute\" \/>\n<script type=\"application\/ld+json\" class=\"yoast-schema-graph\">{\"@context\":\"https:\\\/\\\/schema.org\",\"@graph\":[{\"@type\":\"WebPage\",\"@id\":\"https:\\\/\\\/arpette.ch\\\/evenements\\\/\",\"url\":\"https:\\\/\\\/arpette.ch\\\/evenements\\\/\",\"name\":\"\u00c9v\u00e9nements priv\u00e9s - Mariages \u2013 Anniversaires - Arpette\",\"isPartOf\":{\"@id\":\"https:\\\/\\\/arpette.ch\\\/de\\\/#website\"},\"primaryImageOfPage\":{\"@id\":\"https:\\\/\\\/arpette.ch\\\/evenements\\\/#primaryimage\"},\"image\":{\"@id\":\"https:\\\/\\\/arpette.ch\\\/evenements\\\/#primaryimage\"},\"thumbnailUrl\":\"https:\\\/\\\/arpette.ch\\\/wp-content\\\/uploads\\\/2023\\\/05\\\/marriage-1024x768.jpg\",\"datePublished\":\"2023-05-02T12:52:48+00:00\",\"dateModified\":\"2023-05-08T08:26:40+00:00\",\"description\":\"C\u00e9l\u00e9brez les plus beaux moments en famille et entre amis au Relais d\u2019Arpette. Vous passerez des moments uniques dans ce paysage de montagne.\",\"breadcrumb\":{\"@id\":\"https:\\\/\\\/arpette.ch\\\/evenements\\\/#breadcrumb\"},\"inLanguage\":\"de\",\"potentialAction\":[{\"@type\":\"ReadAction\",\"target\":[\"https:\\\/\\\/arpette.ch\\\/evenements\\\/\"]}]},{\"@type\":\"ImageObject\",\"inLanguage\":\"de\",\"@id\":\"https:\\\/\\\/arpette.ch\\\/evenements\\\/#primaryimage\",\"url\":\"https:\\\/\\\/arpette.ch\\\/wp-content\\\/uploads\\\/2023\\\/05\\\/marriage-1024x768.jpg\",\"contentUrl\":\"https:\\\/\\\/arpette.ch\\\/wp-content\\\/uploads\\\/2023\\\/05\\\/marriage-1024x768.jpg\"},{\"@type\":\"BreadcrumbList\",\"@id\":\"https:\\\/\\\/arpette.ch\\\/evenements\\\/#breadcrumb\",\"itemListElement\":[{\"@type\":\"ListItem\",\"position\":1,\"name\":\"Accueil\",\"item\":\"https:\\\/\\\/arpette.ch\\\/\"},{\"@type\":\"ListItem\",\"position\":2,\"name\":\"\u00c9v\u00e9nements priv\u00e9s &#8211; Mariages \u2013 Anniversaires\"}]},{\"@type\":\"WebSite\",\"@id\":\"https:\\\/\\\/arpette.ch\\\/de\\\/#website\",\"url\":\"https:\\\/\\\/arpette.ch\\\/de\\\/\",\"name\":\"Arpette\",\"description\":\"\",\"potentialAction\":[{\"@type\":\"SearchAction\",\"target\":{\"@type\":\"EntryPoint\",\"urlTemplate\":\"https:\\\/\\\/arpette.ch\\\/de\\\/?s={search_term_string}\"},\"query-input\":{\"@type\":\"PropertyValueSpecification\",\"valueRequired\":true,\"valueName\":\"search_term_string\"}}],\"inLanguage\":\"de\"}]}<\/script>\n<!-- \/ Yoast SEO plugin. -->","yoast_head_json":{"title":"\u00c9v\u00e9nements priv\u00e9s - Mariages \u2013 Anniversaires - Arpette","description":"C\u00e9l\u00e9brez les plus beaux moments en famille et entre amis au Relais d\u2019Arpette. Vous passerez des moments uniques dans ce paysage de montagne.","robots":{"index":"index","follow":"follow","max-snippet":"max-snippet:-1","max-image-preview":"max-image-preview:large","max-video-preview":"max-video-preview:-1"},"canonical":"https:\/\/arpette.ch\/de\/evenements\/","og_locale":"de_DE","og_type":"article","og_title":"\u00c9v\u00e9nements priv\u00e9s - Mariages \u2013 Anniversaires - Arpette","og_description":"C\u00e9l\u00e9brez les plus beaux moments en famille et entre amis au Relais d\u2019Arpette. Vous passerez des moments uniques dans ce paysage de montagne.","og_url":"https:\/\/arpette.ch\/de\/evenements\/","og_site_name":"Arpette","article_modified_time":"2023-05-08T08:26:40+00:00","og_image":[{"url":"https:\/\/arpette.ch\/wp-content\/uploads\/2023\/05\/marriage-1024x768.jpg","type":"","width":"","height":""}],"twitter_card":"summary_large_image","twitter_misc":{"Gesch\u00e4tzte Lesezeit":"1\u00a0Minute"},"schema":{"@context":"https:\/\/schema.org","@graph":[{"@type":"WebPage","@id":"https:\/\/arpette.ch\/evenements\/","url":"https:\/\/arpette.ch\/evenements\/","name":"\u00c9v\u00e9nements priv\u00e9s - Mariages \u2013 Anniversaires - Arpette","isPartOf":{"@id":"https:\/\/arpette.ch\/de\/#website"},"primaryImageOfPage":{"@id":"https:\/\/arpette.ch\/evenements\/#primaryimage"},"image":{"@id":"https:\/\/arpette.ch\/evenements\/#primaryimage"},"thumbnailUrl":"https:\/\/arpette.ch\/wp-content\/uploads\/2023\/05\/marriage-1024x768.jpg","datePublished":"2023-05-02T12:52:48+00:00","dateModified":"2023-05-08T08:26:40+00:00","description":"C\u00e9l\u00e9brez les plus beaux moments en famille et entre amis au Relais d\u2019Arpette. Vous passerez des moments uniques dans ce paysage de montagne.","breadcrumb":{"@id":"https:\/\/arpette.ch\/evenements\/#breadcrumb"},"inLanguage":"de","potentialAction":[{"@type":"ReadAction","target":["https:\/\/arpette.ch\/evenements\/"]}]},{"@type":"ImageObject","inLanguage":"de","@id":"https:\/\/arpette.ch\/evenements\/#primaryimage","url":"https:\/\/arpette.ch\/wp-content\/uploads\/2023\/05\/marriage-1024x768.jpg","contentUrl":"https:\/\/arpette.ch\/wp-content\/uploads\/2023\/05\/marriage-1024x768.jpg"},{"@type":"BreadcrumbList","@id":"https:\/\/arpette.ch\/evenements\/#breadcrumb","itemListElement":[{"@type":"ListItem","position":1,"name":"Accueil","item":"https:\/\/arpette.ch\/"},{"@type":"ListItem","position":2,"name":"\u00c9v\u00e9nements priv\u00e9s &#8211; Mariages \u2013 Anniversaires"}]},{"@type":"WebSite","@id":"https:\/\/arpette.ch\/de\/#website","url":"https:\/\/arpette.ch\/de\/","name":"Arpette","description":"","potentialAction":[{"@type":"SearchAction","target":{"@type":"EntryPoint","urlTemplate":"https:\/\/arpette.ch\/de\/?s={search_term_string}"},"query-input":{"@type":"PropertyValueSpecification","valueRequired":true,"valueName":"search_term_string"}}],"inLanguage":"de"}]}},"_links":{"self":[{"href":"https:\/\/arpette.ch\/de\/wp-json\/wp\/v2\/pages\/4075","targetHints":{"allow":["GET"]}}],"collection":[{"href":"https:\/\/arpette.ch\/de\/wp-json\/wp\/v2\/pages"}],"about":[{"href":"https:\/\/arpette.ch\/de\/wp-json\/wp\/v2\/types\/page"}],"author":[{"embeddable":true,"href":"https:\/\/arpette.ch\/de\/wp-json\/wp\/v2\/users\/1"}],"replies":[{"embeddable":true,"href":"https:\/\/arpette.ch\/de\/wp-json\/wp\/v2\/comments?post=4075"}],"version-history":[{"count":18,"href":"https:\/\/arpette.ch\/de\/wp-json\/wp\/v2\/pages\/4075\/revisions"}],"predecessor-version":[{"id":4455,"href":"https:\/\/arpette.ch\/de\/wp-json\/wp\/v2\/pages\/4075\/revisions\/4455"}],"wp:attachment":[{"href":"https:\/\/arpette.ch\/de\/wp-json\/wp\/v2\/media?parent=4075"}],"curies":[{"name":"wp","href":"https:\/\/api.w.org\/{rel}","templated":true}]}}