{"id":860,"date":"2020-08-27T04:37:53","date_gmt":"2020-08-27T04:37:53","guid":{"rendered":"http:\/\/themes.themegoods.com\/hoteller\/sites2\/lodge\/?page_id=860"},"modified":"2023-07-14T13:14:30","modified_gmt":"2023-07-14T13:14:30","slug":"reserver","status":"publish","type":"page","link":"https:\/\/arpette.ch\/de\/reserver\/","title":{"rendered":"Jetzt buchen"},"content":{"rendered":"<div data-elementor-type=\"wp-page\" data-elementor-id=\"860\" class=\"elementor elementor-860\">\n\t\t\t\t\t\t<section class=\"elementor-section elementor-top-section elementor-element elementor-element-b917f96 elementor-section-boxed elementor-section-height-default elementor-section-height-default\" data-id=\"b917f96\" data-element_type=\"section\" data-e-type=\"section\" data-settings=\"{&quot;hoteller_ext_is_background_parallax&quot;:&quot;false&quot;,&quot;hoteller_ext_is_background_on_scroll&quot;:&quot;false&quot;}\">\n\t\t\t\t\t\t<div class=\"elementor-container elementor-column-gap-default\">\n\t\t\t\t\t<div class=\"elementor-column elementor-col-100 elementor-top-column elementor-element elementor-element-9ea0bec\" data-id=\"9ea0bec\" data-element_type=\"column\" data-e-type=\"column\" data-settings=\"{&quot;hoteller_ext_is_scrollme&quot;:&quot;false&quot;,&quot;hoteller_ext_is_smoove&quot;:&quot;false&quot;,&quot;hoteller_ext_is_parallax_mouse&quot;:&quot;false&quot;,&quot;hoteller_ext_is_infinite&quot;:&quot;false&quot;,&quot;hoteller_ext_is_fadeout_animation&quot;:&quot;false&quot;}\">\n\t\t\t<div class=\"elementor-widget-wrap elementor-element-populated\">\n\t\t\t\t\t\t<div class=\"elementor-element elementor-element-1a64827 elementor-widget elementor-widget-hoteller-animated-text\" data-id=\"1a64827\" data-element_type=\"widget\" data-e-type=\"widget\" data-settings=\"{&quot;hoteller_ext_is_scrollme&quot;:&quot;false&quot;,&quot;hoteller_ext_is_smoove&quot;:&quot;false&quot;,&quot;hoteller_ext_is_parallax_mouse&quot;:&quot;false&quot;,&quot;hoteller_ext_is_infinite&quot;:&quot;false&quot;,&quot;hoteller_ext_is_fadeout_animation&quot;:&quot;false&quot;}\" data-widget_type=\"hoteller-animated-text.default\">\n\t\t\t\t<div class=\"elementor-widget-container\">\n\t\t\t\t\t<div class=\"themegoods-animated-text text-alignment-center transition-bottom overflow-hidden\" data-delimiter=\"sentence\" data-transition=\"100\" data-transition-delay=\"0\" data-transition-duration=\"800\">\n\t\t<h2>\n\t\tBuchen Sie Ihren Aufenthalt unten online.\n\n\t<\/h2>\n\t<\/div>\t\t\t\t<\/div>\n\t\t\t\t<\/div>\n\t\t\t\t\t<\/div>\n\t\t<\/div>\n\t\t\t\t\t<\/div>\n\t\t<\/section>\n\t\t\t\t<section class=\"elementor-section elementor-top-section elementor-element elementor-element-f14abec elementor-section-boxed elementor-section-height-default elementor-section-height-default\" data-id=\"f14abec\" data-element_type=\"section\" data-e-type=\"section\" data-settings=\"{&quot;hoteller_ext_is_background_parallax&quot;:&quot;false&quot;,&quot;hoteller_ext_is_background_on_scroll&quot;:&quot;false&quot;}\">\n\t\t\t\t\t\t<div class=\"elementor-container elementor-column-gap-default\">\n\t\t\t\t\t<div class=\"elementor-column elementor-col-100 elementor-top-column elementor-element elementor-element-274bfba\" data-id=\"274bfba\" data-element_type=\"column\" data-e-type=\"column\" data-settings=\"{&quot;hoteller_ext_is_scrollme&quot;:&quot;false&quot;,&quot;hoteller_ext_is_smoove&quot;:&quot;false&quot;,&quot;hoteller_ext_is_parallax_mouse&quot;:&quot;false&quot;,&quot;hoteller_ext_is_infinite&quot;:&quot;false&quot;,&quot;hoteller_ext_is_fadeout_animation&quot;:&quot;false&quot;}\">\n\t\t\t<div class=\"elementor-widget-wrap elementor-element-populated\">\n\t\t\t\t\t\t<div class=\"elementor-element elementor-element-f35b124 elementor-widget elementor-widget-html\" data-id=\"f35b124\" data-element_type=\"widget\" data-e-type=\"widget\" data-settings=\"{&quot;hoteller_ext_is_scrollme&quot;:&quot;false&quot;,&quot;hoteller_ext_is_smoove&quot;:&quot;false&quot;,&quot;hoteller_ext_is_parallax_mouse&quot;:&quot;false&quot;,&quot;hoteller_ext_is_infinite&quot;:&quot;false&quot;,&quot;hoteller_ext_is_fadeout_animation&quot;:&quot;false&quot;}\" data-widget_type=\"html.default\">\n\t\t\t\t<div class=\"elementor-widget-container\">\n\t\t\t\t\t<script type=\"text\/javascript\" src=\"\/\/gadget.open-system.fr\/widgets-libs\/rel\/noyau-1.0.min.js\"><\/script>\r\n<script type=\"text\/javascript\">\r\n( function() {\r\n\tvar widgetProduit = AllianceReseaux.Widget.Instance( \"Produit\", { idPanier:\"lACUlJQ\", idIntegration:162, langue:\"fr\", ui:\"OPRF-32403\" } );\r\n\twidgetProduit.Initialise();\r\n})();\r\n<\/script>\r\n\r\n<div id=\"widget-produit-OPRF-32403\"><\/div>\r\n\r\n\t\t\t\t<\/div>\n\t\t\t\t<\/div>\n\t\t\t\t\t<\/div>\n\t\t<\/div>\n\t\t\t\t\t<\/div>\n\t\t<\/section>\n\t\t\t\t<section class=\"elementor-section elementor-top-section elementor-element elementor-element-05c52e5 elementor-section-boxed elementor-section-height-default elementor-section-height-default\" data-id=\"05c52e5\" data-element_type=\"section\" data-e-type=\"section\" data-settings=\"{&quot;hoteller_ext_is_background_parallax&quot;:&quot;false&quot;,&quot;hoteller_ext_is_background_on_scroll&quot;:&quot;false&quot;}\">\n\t\t\t\t\t\t<div class=\"elementor-container elementor-column-gap-default\">\n\t\t\t\t\t<div class=\"elementor-column elementor-col-100 elementor-top-column elementor-element elementor-element-0c9ee30\" data-id=\"0c9ee30\" data-element_type=\"column\" data-e-type=\"column\" data-settings=\"{&quot;hoteller_ext_is_scrollme&quot;:&quot;false&quot;,&quot;hoteller_ext_is_smoove&quot;:&quot;false&quot;,&quot;hoteller_ext_is_parallax_mouse&quot;:&quot;false&quot;,&quot;hoteller_ext_is_infinite&quot;:&quot;false&quot;,&quot;hoteller_ext_is_fadeout_animation&quot;:&quot;false&quot;}\">\n\t\t\t<div class=\"elementor-widget-wrap elementor-element-populated\">\n\t\t\t\t\t\t<div class=\"elementor-element elementor-element-2a45884 elementor-widget elementor-widget-spacer\" data-id=\"2a45884\" data-element_type=\"widget\" data-e-type=\"widget\" data-settings=\"{&quot;hoteller_ext_is_scrollme&quot;:&quot;false&quot;,&quot;hoteller_ext_is_smoove&quot;:&quot;false&quot;,&quot;hoteller_ext_is_parallax_mouse&quot;:&quot;false&quot;,&quot;hoteller_ext_is_infinite&quot;:&quot;false&quot;,&quot;hoteller_ext_is_fadeout_animation&quot;:&quot;false&quot;}\" data-widget_type=\"spacer.default\">\n\t\t\t\t<div class=\"elementor-widget-container\">\n\t\t\t\t\t\t\t<div class=\"elementor-spacer\">\n\t\t\t<div class=\"elementor-spacer-inner\"><\/div>\n\t\t<\/div>\n\t\t\t\t\t\t<\/div>\n\t\t\t\t<\/div>\n\t\t\t\t\t<\/div>\n\t\t<\/div>\n\t\t\t\t\t<\/div>\n\t\t<\/section>\n\t\t\t\t<\/div>","protected":false},"excerpt":{"rendered":"<p>Buchen Sie Ihren Aufenthalt unten online.<\/p>","protected":false},"author":1,"featured_media":0,"parent":0,"menu_order":0,"comment_status":"closed","ping_status":"closed","template":"","meta":{"_acf_changed":false,"inline_featured_image":false,"_lmt_disableupdate":"","_lmt_disable":"","footnotes":""},"class_list":["post-860","page","type-page","status-publish","hentry"],"acf":[],"yoast_head":"<!-- This site is optimized with the Yoast SEO plugin v27.3 - https:\/\/yoast.com\/product\/yoast-seo-wordpress\/ -->\n<title>R\u00e9server maintenant - Arpette<\/title>\n<meta name=\"description\" content=\"R\u00e9servez facilement en ligne et planifiez votre prochain s\u00e9jour en toute tranquillit\u00e9. Venez passer des moments inoubliables !\" \/>\n<meta name=\"robots\" content=\"index, follow, max-snippet:-1, max-image-preview:large, max-video-preview:-1\" \/>\n<link rel=\"canonical\" href=\"https:\/\/arpette.ch\/de\/reserver\/\" \/>\n<meta property=\"og:locale\" content=\"de_DE\" \/>\n<meta property=\"og:type\" content=\"article\" \/>\n<meta property=\"og:title\" content=\"R\u00e9server maintenant - Arpette\" \/>\n<meta property=\"og:description\" content=\"R\u00e9servez facilement en ligne et planifiez votre prochain s\u00e9jour en toute tranquillit\u00e9. Venez passer des moments inoubliables !\" \/>\n<meta property=\"og:url\" content=\"https:\/\/arpette.ch\/de\/reserver\/\" \/>\n<meta property=\"og:site_name\" content=\"Arpette\" \/>\n<meta property=\"article:modified_time\" content=\"2023-07-14T13:14:30+00:00\" \/>\n<meta name=\"twitter:card\" content=\"summary_large_image\" \/>\n<meta name=\"twitter:label1\" content=\"Gesch\u00e4tzte Lesezeit\" \/>\n\t<meta name=\"twitter:data1\" content=\"1\u00a0Minute\" \/>\n<script type=\"application\/ld+json\" class=\"yoast-schema-graph\">{\"@context\":\"https:\\\/\\\/schema.org\",\"@graph\":[{\"@type\":\"WebPage\",\"@id\":\"https:\\\/\\\/arpette.ch\\\/reserver\\\/\",\"url\":\"https:\\\/\\\/arpette.ch\\\/reserver\\\/\",\"name\":\"R\u00e9server maintenant - Arpette\",\"isPartOf\":{\"@id\":\"https:\\\/\\\/arpette.ch\\\/de\\\/#website\"},\"datePublished\":\"2020-08-27T04:37:53+00:00\",\"dateModified\":\"2023-07-14T13:14:30+00:00\",\"description\":\"R\u00e9servez facilement en ligne et planifiez votre prochain s\u00e9jour en toute tranquillit\u00e9. Venez passer des moments inoubliables !\",\"breadcrumb\":{\"@id\":\"https:\\\/\\\/arpette.ch\\\/reserver\\\/#breadcrumb\"},\"inLanguage\":\"de\",\"potentialAction\":[{\"@type\":\"ReadAction\",\"target\":[\"https:\\\/\\\/arpette.ch\\\/reserver\\\/\"]}]},{\"@type\":\"BreadcrumbList\",\"@id\":\"https:\\\/\\\/arpette.ch\\\/reserver\\\/#breadcrumb\",\"itemListElement\":[{\"@type\":\"ListItem\",\"position\":1,\"name\":\"Accueil\",\"item\":\"https:\\\/\\\/arpette.ch\\\/\"},{\"@type\":\"ListItem\",\"position\":2,\"name\":\"R\u00e9server maintenant\"}]},{\"@type\":\"WebSite\",\"@id\":\"https:\\\/\\\/arpette.ch\\\/de\\\/#website\",\"url\":\"https:\\\/\\\/arpette.ch\\\/de\\\/\",\"name\":\"Arpette\",\"description\":\"\",\"potentialAction\":[{\"@type\":\"SearchAction\",\"target\":{\"@type\":\"EntryPoint\",\"urlTemplate\":\"https:\\\/\\\/arpette.ch\\\/de\\\/?s={search_term_string}\"},\"query-input\":{\"@type\":\"PropertyValueSpecification\",\"valueRequired\":true,\"valueName\":\"search_term_string\"}}],\"inLanguage\":\"de\"}]}<\/script>\n<!-- \/ Yoast SEO plugin. -->","yoast_head_json":{"title":"R\u00e9server maintenant - Arpette","description":"R\u00e9servez facilement en ligne et planifiez votre prochain s\u00e9jour en toute tranquillit\u00e9. Venez passer des moments inoubliables !","robots":{"index":"index","follow":"follow","max-snippet":"max-snippet:-1","max-image-preview":"max-image-preview:large","max-video-preview":"max-video-preview:-1"},"canonical":"https:\/\/arpette.ch\/de\/reserver\/","og_locale":"de_DE","og_type":"article","og_title":"R\u00e9server maintenant - Arpette","og_description":"R\u00e9servez facilement en ligne et planifiez votre prochain s\u00e9jour en toute tranquillit\u00e9. Venez passer des moments inoubliables !","og_url":"https:\/\/arpette.ch\/de\/reserver\/","og_site_name":"Arpette","article_modified_time":"2023-07-14T13:14:30+00:00","twitter_card":"summary_large_image","twitter_misc":{"Gesch\u00e4tzte Lesezeit":"1\u00a0Minute"},"schema":{"@context":"https:\/\/schema.org","@graph":[{"@type":"WebPage","@id":"https:\/\/arpette.ch\/reserver\/","url":"https:\/\/arpette.ch\/reserver\/","name":"R\u00e9server maintenant - Arpette","isPartOf":{"@id":"https:\/\/arpette.ch\/de\/#website"},"datePublished":"2020-08-27T04:37:53+00:00","dateModified":"2023-07-14T13:14:30+00:00","description":"R\u00e9servez facilement en ligne et planifiez votre prochain s\u00e9jour en toute tranquillit\u00e9. Venez passer des moments inoubliables !","breadcrumb":{"@id":"https:\/\/arpette.ch\/reserver\/#breadcrumb"},"inLanguage":"de","potentialAction":[{"@type":"ReadAction","target":["https:\/\/arpette.ch\/reserver\/"]}]},{"@type":"BreadcrumbList","@id":"https:\/\/arpette.ch\/reserver\/#breadcrumb","itemListElement":[{"@type":"ListItem","position":1,"name":"Accueil","item":"https:\/\/arpette.ch\/"},{"@type":"ListItem","position":2,"name":"R\u00e9server maintenant"}]},{"@type":"WebSite","@id":"https:\/\/arpette.ch\/de\/#website","url":"https:\/\/arpette.ch\/de\/","name":"Arpette","description":"","potentialAction":[{"@type":"SearchAction","target":{"@type":"EntryPoint","urlTemplate":"https:\/\/arpette.ch\/de\/?s={search_term_string}"},"query-input":{"@type":"PropertyValueSpecification","valueRequired":true,"valueName":"search_term_string"}}],"inLanguage":"de"}]}},"_links":{"self":[{"href":"https:\/\/arpette.ch\/de\/wp-json\/wp\/v2\/pages\/860","targetHints":{"allow":["GET"]}}],"collection":[{"href":"https:\/\/arpette.ch\/de\/wp-json\/wp\/v2\/pages"}],"about":[{"href":"https:\/\/arpette.ch\/de\/wp-json\/wp\/v2\/types\/page"}],"author":[{"embeddable":true,"href":"https:\/\/arpette.ch\/de\/wp-json\/wp\/v2\/users\/1"}],"replies":[{"embeddable":true,"href":"https:\/\/arpette.ch\/de\/wp-json\/wp\/v2\/comments?post=860"}],"version-history":[{"count":30,"href":"https:\/\/arpette.ch\/de\/wp-json\/wp\/v2\/pages\/860\/revisions"}],"predecessor-version":[{"id":4646,"href":"https:\/\/arpette.ch\/de\/wp-json\/wp\/v2\/pages\/860\/revisions\/4646"}],"wp:attachment":[{"href":"https:\/\/arpette.ch\/de\/wp-json\/wp\/v2\/media?parent=860"}],"curies":[{"name":"wp","href":"https:\/\/api.w.org\/{rel}","templated":true}]}}