{"id":968,"date":"2020-08-24T09:02:06","date_gmt":"2020-08-24T09:02:06","guid":{"rendered":"http:\/\/themes.themegoods.com\/hoteller\/sites2\/lodge\/?page_id=2"},"modified":"2023-05-05T14:02:14","modified_gmt":"2023-05-05T14:02:14","slug":"ete","status":"publish","type":"page","link":"https:\/\/arpette.ch\/en\/ete\/","title":{"rendered":"Tour du Mont Blanc"},"content":{"rendered":"<div data-elementor-type=\"wp-page\" data-elementor-id=\"968\" class=\"elementor elementor-968\">\n\t\t\t\t\t\t<section class=\"elementor-section elementor-top-section elementor-element elementor-element-7dc8b775 elementor-section-boxed elementor-section-height-default elementor-section-height-default\" data-id=\"7dc8b775\" data-element_type=\"section\" data-e-type=\"section\" data-settings=\"{&quot;hoteller_ext_is_background_parallax&quot;:&quot;false&quot;,&quot;hoteller_ext_is_background_on_scroll&quot;:&quot;false&quot;}\">\n\t\t\t\t\t\t<div class=\"elementor-container elementor-column-gap-default\">\n\t\t\t\t\t<div class=\"elementor-column elementor-col-100 elementor-top-column elementor-element elementor-element-5291e607\" data-id=\"5291e607\" data-element_type=\"column\" data-e-type=\"column\" data-settings=\"{&quot;hoteller_ext_is_scrollme&quot;:&quot;false&quot;,&quot;hoteller_ext_is_smoove&quot;:&quot;false&quot;,&quot;hoteller_ext_is_parallax_mouse&quot;:&quot;false&quot;,&quot;hoteller_ext_is_infinite&quot;:&quot;false&quot;,&quot;hoteller_ext_is_fadeout_animation&quot;:&quot;false&quot;}\">\n\t\t\t<div class=\"elementor-widget-wrap elementor-element-populated\">\n\t\t\t\t\t\t<div class=\"elementor-element elementor-element-655848c elementor-widget elementor-widget-spacer\" data-id=\"655848c\" data-element_type=\"widget\" data-e-type=\"widget\" data-settings=\"{&quot;hoteller_ext_is_scrollme&quot;:&quot;false&quot;,&quot;hoteller_ext_is_smoove&quot;:&quot;false&quot;,&quot;hoteller_ext_is_parallax_mouse&quot;:&quot;false&quot;,&quot;hoteller_ext_is_infinite&quot;:&quot;false&quot;,&quot;hoteller_ext_is_fadeout_animation&quot;:&quot;false&quot;}\" data-widget_type=\"spacer.default\">\n\t\t\t\t<div class=\"elementor-widget-container\">\n\t\t\t\t\t\t\t<div class=\"elementor-spacer\">\n\t\t\t<div class=\"elementor-spacer-inner\"><\/div>\n\t\t<\/div>\n\t\t\t\t\t\t<\/div>\n\t\t\t\t<\/div>\n\t\t\t\t<div class=\"elementor-element elementor-element-cebb1a9 elementor-widget elementor-widget-text-editor\" data-id=\"cebb1a9\" data-element_type=\"widget\" data-e-type=\"widget\" data-settings=\"{&quot;hoteller_ext_is_scrollme&quot;:&quot;false&quot;,&quot;hoteller_ext_is_smoove&quot;:&quot;false&quot;,&quot;hoteller_ext_is_parallax_mouse&quot;:&quot;false&quot;,&quot;hoteller_ext_is_infinite&quot;:&quot;false&quot;,&quot;hoteller_ext_is_fadeout_animation&quot;:&quot;false&quot;}\" data-widget_type=\"text-editor.default\">\n\t\t\t\t<div class=\"elementor-widget-container\">\n\t\t\t\t\t\t\t\t\t<h3><strong>Since 1926, our guests have experienced an exceptional welcome at the Relais d'Arpette. In summer during the Tour du Mont Blanc and in winter on the Haute Route from Chamonix to Zermatt, or simply on a walk or ski tour with friends enjoying good food.<\/strong><\/h3>\t\t\t\t\t\t\t\t<\/div>\n\t\t\t\t<\/div>\n\t\t\t\t<div class=\"elementor-element elementor-element-d99c029 elementor-widget elementor-widget-spacer\" data-id=\"d99c029\" data-element_type=\"widget\" data-e-type=\"widget\" data-settings=\"{&quot;hoteller_ext_is_scrollme&quot;:&quot;false&quot;,&quot;hoteller_ext_is_smoove&quot;:&quot;false&quot;,&quot;hoteller_ext_is_parallax_mouse&quot;:&quot;false&quot;,&quot;hoteller_ext_is_infinite&quot;:&quot;false&quot;,&quot;hoteller_ext_is_fadeout_animation&quot;:&quot;false&quot;}\" data-widget_type=\"spacer.default\">\n\t\t\t\t<div class=\"elementor-widget-container\">\n\t\t\t\t\t\t\t<div class=\"elementor-spacer\">\n\t\t\t<div class=\"elementor-spacer-inner\"><\/div>\n\t\t<\/div>\n\t\t\t\t\t\t<\/div>\n\t\t\t\t<\/div>\n\t\t\t\t<section class=\"elementor-section elementor-inner-section elementor-element elementor-element-4ce4872 elementor-section-boxed elementor-section-height-default elementor-section-height-default\" data-id=\"4ce4872\" data-element_type=\"section\" data-e-type=\"section\" data-settings=\"{&quot;hoteller_ext_is_background_parallax&quot;:&quot;false&quot;,&quot;hoteller_ext_is_background_on_scroll&quot;:&quot;false&quot;}\">\n\t\t\t\t\t\t<div class=\"elementor-container elementor-column-gap-default\">\n\t\t\t\t\t<div class=\"elementor-column elementor-col-50 elementor-inner-column elementor-element elementor-element-95b5b0f\" data-id=\"95b5b0f\" data-element_type=\"column\" data-e-type=\"column\" data-settings=\"{&quot;hoteller_ext_is_scrollme&quot;:&quot;false&quot;,&quot;hoteller_ext_is_smoove&quot;:&quot;false&quot;,&quot;hoteller_ext_is_parallax_mouse&quot;:&quot;false&quot;,&quot;hoteller_ext_is_infinite&quot;:&quot;false&quot;,&quot;hoteller_ext_is_fadeout_animation&quot;:&quot;false&quot;}\">\n\t\t\t<div class=\"elementor-widget-wrap elementor-element-populated\">\n\t\t\t\t\t\t<div class=\"elementor-element elementor-element-929bc43 elementor-widget elementor-widget-heading\" data-id=\"929bc43\" data-element_type=\"widget\" data-e-type=\"widget\" data-settings=\"{&quot;hoteller_ext_is_scrollme&quot;:&quot;false&quot;,&quot;hoteller_ext_is_smoove&quot;:&quot;false&quot;,&quot;hoteller_ext_is_parallax_mouse&quot;:&quot;false&quot;,&quot;hoteller_ext_is_infinite&quot;:&quot;false&quot;,&quot;hoteller_ext_is_fadeout_animation&quot;:&quot;false&quot;}\" data-widget_type=\"heading.default\">\n\t\t\t\t<div class=\"elementor-widget-container\">\n\t\t\t\t\t<h1 class=\"elementor-heading-title elementor-size-xl\">In summer,<\/h1>\t\t\t\t<\/div>\n\t\t\t\t<\/div>\n\t\t\t\t<div class=\"elementor-element elementor-element-b0ba0c3 elementor-widget elementor-widget-text-editor\" data-id=\"b0ba0c3\" data-element_type=\"widget\" data-e-type=\"widget\" data-settings=\"{&quot;hoteller_ext_is_scrollme&quot;:&quot;false&quot;,&quot;hoteller_ext_is_smoove&quot;:&quot;false&quot;,&quot;hoteller_ext_is_parallax_mouse&quot;:&quot;false&quot;,&quot;hoteller_ext_is_infinite&quot;:&quot;false&quot;,&quot;hoteller_ext_is_fadeout_animation&quot;:&quot;false&quot;}\" data-widget_type=\"text-editor.default\">\n\t\t\t\t<div class=\"elementor-widget-container\">\n\t\t\t\t\t\t\t\t\t<h3>many guests from all over the world hike around the Mont Blanc massif and stop at our hotel. One of the most beautiful stages leads from the Relais d'Arpette to the Fen\u00eatre d'Arpette and to Trient.<\/h3>\t\t\t\t\t\t\t\t<\/div>\n\t\t\t\t<\/div>\n\t\t\t\t\t<\/div>\n\t\t<\/div>\n\t\t\t\t<div class=\"elementor-column elementor-col-50 elementor-inner-column elementor-element elementor-element-c7513c3\" data-id=\"c7513c3\" data-element_type=\"column\" data-e-type=\"column\" data-settings=\"{&quot;hoteller_ext_is_scrollme&quot;:&quot;false&quot;,&quot;hoteller_ext_is_smoove&quot;:&quot;false&quot;,&quot;hoteller_ext_is_parallax_mouse&quot;:&quot;false&quot;,&quot;hoteller_ext_is_infinite&quot;:&quot;false&quot;,&quot;hoteller_ext_is_fadeout_animation&quot;:&quot;false&quot;}\">\n\t\t\t<div class=\"elementor-widget-wrap elementor-element-populated\">\n\t\t\t\t\t\t<div class=\"elementor-element elementor-element-d50f590 elementor-widget elementor-widget-image\" data-id=\"d50f590\" data-element_type=\"widget\" data-e-type=\"widget\" data-settings=\"{&quot;hoteller_image_is_animation&quot;:&quot;false&quot;,&quot;hoteller_ext_is_scrollme&quot;:&quot;false&quot;,&quot;hoteller_ext_is_smoove&quot;:&quot;false&quot;,&quot;hoteller_ext_is_parallax_mouse&quot;:&quot;false&quot;,&quot;hoteller_ext_is_infinite&quot;:&quot;false&quot;,&quot;hoteller_ext_is_fadeout_animation&quot;:&quot;false&quot;}\" data-widget_type=\"image.default\">\n\t\t\t\t<div class=\"elementor-widget-container\">\n\t\t\t\t\t\t\t\t\t\t\t\t\t\t\t<img fetchpriority=\"high\" decoding=\"async\" width=\"1024\" height=\"768\" src=\"https:\/\/arpette.ch\/wp-content\/uploads\/2023\/05\/Fenetre-d-Arpette-1024x768.jpg\" class=\"attachment-large size-large wp-image-4070\" alt=\"Fen\u00eatre d&#039;Arpette\" srcset=\"https:\/\/arpette.ch\/wp-content\/uploads\/2023\/05\/Fenetre-d-Arpette-1024x768.jpg 1024w, https:\/\/arpette.ch\/wp-content\/uploads\/2023\/05\/Fenetre-d-Arpette-300x225.jpg 300w, https:\/\/arpette.ch\/wp-content\/uploads\/2023\/05\/Fenetre-d-Arpette-768x576.jpg 768w, https:\/\/arpette.ch\/wp-content\/uploads\/2023\/05\/Fenetre-d-Arpette-16x12.jpg 16w, https:\/\/arpette.ch\/wp-content\/uploads\/2023\/05\/Fenetre-d-Arpette-440x330.jpg 440w, https:\/\/arpette.ch\/wp-content\/uploads\/2023\/05\/Fenetre-d-Arpette-600x450.jpg 600w, https:\/\/arpette.ch\/wp-content\/uploads\/2023\/05\/Fenetre-d-Arpette.jpg 1500w\" sizes=\"(max-width: 1024px) 100vw, 1024px\" \/>\t\t\t\t\t\t\t\t\t\t\t\t\t\t\t<\/div>\n\t\t\t\t<\/div>\n\t\t\t\t\t<\/div>\n\t\t<\/div>\n\t\t\t\t\t<\/div>\n\t\t<\/section>\n\t\t\t\t<div class=\"elementor-element elementor-element-9b23326 elementor-widget elementor-widget-spacer\" data-id=\"9b23326\" data-element_type=\"widget\" data-e-type=\"widget\" data-settings=\"{&quot;hoteller_ext_is_scrollme&quot;:&quot;false&quot;,&quot;hoteller_ext_is_smoove&quot;:&quot;false&quot;,&quot;hoteller_ext_is_parallax_mouse&quot;:&quot;false&quot;,&quot;hoteller_ext_is_infinite&quot;:&quot;false&quot;,&quot;hoteller_ext_is_fadeout_animation&quot;:&quot;false&quot;}\" data-widget_type=\"spacer.default\">\n\t\t\t\t<div class=\"elementor-widget-container\">\n\t\t\t\t\t\t\t<div class=\"elementor-spacer\">\n\t\t\t<div class=\"elementor-spacer-inner\"><\/div>\n\t\t<\/div>\n\t\t\t\t\t\t<\/div>\n\t\t\t\t<\/div>\n\t\t\t\t<section class=\"elementor-section elementor-inner-section elementor-element elementor-element-84efa3c elementor-section-boxed elementor-section-height-default elementor-section-height-default\" data-id=\"84efa3c\" data-element_type=\"section\" data-e-type=\"section\" data-settings=\"{&quot;hoteller_ext_is_background_parallax&quot;:&quot;false&quot;,&quot;hoteller_ext_is_background_on_scroll&quot;:&quot;false&quot;}\">\n\t\t\t\t\t\t<div class=\"elementor-container elementor-column-gap-default\">\n\t\t\t\t\t<div class=\"elementor-column elementor-col-100 elementor-inner-column elementor-element elementor-element-7147286\" data-id=\"7147286\" data-element_type=\"column\" data-e-type=\"column\" data-settings=\"{&quot;hoteller_ext_is_scrollme&quot;:&quot;false&quot;,&quot;hoteller_ext_is_smoove&quot;:&quot;false&quot;,&quot;hoteller_ext_is_parallax_mouse&quot;:&quot;false&quot;,&quot;hoteller_ext_is_infinite&quot;:&quot;false&quot;,&quot;hoteller_ext_is_fadeout_animation&quot;:&quot;false&quot;}\">\n\t\t\t<div class=\"elementor-widget-wrap elementor-element-populated\">\n\t\t\t\t\t\t<div class=\"elementor-element elementor-element-e9614b3 elementor-widget elementor-widget-heading\" data-id=\"e9614b3\" data-element_type=\"widget\" data-e-type=\"widget\" data-settings=\"{&quot;hoteller_ext_is_scrollme&quot;:&quot;false&quot;,&quot;hoteller_ext_is_smoove&quot;:&quot;false&quot;,&quot;hoteller_ext_is_parallax_mouse&quot;:&quot;false&quot;,&quot;hoteller_ext_is_infinite&quot;:&quot;false&quot;,&quot;hoteller_ext_is_fadeout_animation&quot;:&quot;false&quot;}\" data-widget_type=\"heading.default\">\n\t\t\t\t<div class=\"elementor-widget-container\">\n\t\t\t\t\t<h1 class=\"elementor-heading-title elementor-size-xl\">Discoveries<\/h1>\t\t\t\t<\/div>\n\t\t\t\t<\/div>\n\t\t\t\t<div class=\"elementor-element elementor-element-306e8b4 elementor-widget elementor-widget-text-editor\" data-id=\"306e8b4\" data-element_type=\"widget\" data-e-type=\"widget\" data-settings=\"{&quot;hoteller_ext_is_scrollme&quot;:&quot;false&quot;,&quot;hoteller_ext_is_smoove&quot;:&quot;false&quot;,&quot;hoteller_ext_is_parallax_mouse&quot;:&quot;false&quot;,&quot;hoteller_ext_is_infinite&quot;:&quot;false&quot;,&quot;hoteller_ext_is_fadeout_animation&quot;:&quot;false&quot;}\" data-widget_type=\"text-editor.default\">\n\t\t\t\t<div class=\"elementor-widget-container\">\n\t\t\t\t\t\t\t\t\t<h3><u>The source<\/u>: A discreet cove from which several springs flow and form the Durnand, which continues into the Val d'Arpette, then forms the famous Gorges du Durnand.<\/h3>\t\t\t\t\t\t\t\t<\/div>\n\t\t\t\t<\/div>\n\t\t\t\t<div class=\"elementor-element elementor-element-b28ed59 elementor-widget elementor-widget-text-editor\" data-id=\"b28ed59\" data-element_type=\"widget\" data-e-type=\"widget\" data-settings=\"{&quot;hoteller_ext_is_scrollme&quot;:&quot;false&quot;,&quot;hoteller_ext_is_smoove&quot;:&quot;false&quot;,&quot;hoteller_ext_is_parallax_mouse&quot;:&quot;false&quot;,&quot;hoteller_ext_is_infinite&quot;:&quot;false&quot;,&quot;hoteller_ext_is_fadeout_animation&quot;:&quot;false&quot;}\" data-widget_type=\"text-editor.default\">\n\t\t\t\t<div class=\"elementor-widget-container\">\n\t\t\t\t\t\t\t\t\t<h3><u>Marshes:<\/u>\u00a0Frogs and dragonflies populate the marshy part of the upper plateau of the Val d'Arpette. The trained eye will also discover carnivorous plants: butterwort and drosera.<\/h3>\t\t\t\t\t\t\t\t<\/div>\n\t\t\t\t<\/div>\n\t\t\t\t<div class=\"elementor-element elementor-element-d89512b elementor-widget elementor-widget-text-editor\" data-id=\"d89512b\" data-element_type=\"widget\" data-e-type=\"widget\" data-settings=\"{&quot;hoteller_ext_is_scrollme&quot;:&quot;false&quot;,&quot;hoteller_ext_is_smoove&quot;:&quot;false&quot;,&quot;hoteller_ext_is_parallax_mouse&quot;:&quot;false&quot;,&quot;hoteller_ext_is_infinite&quot;:&quot;false&quot;,&quot;hoteller_ext_is_fadeout_animation&quot;:&quot;false&quot;}\" data-widget_type=\"text-editor.default\">\n\t\t\t\t<div class=\"elementor-widget-container\">\n\t\t\t\t\t\t\t\t\t<h3><u>The forest of larches and arolles<\/u>: In the direction of the Col de la Breya, a magnificent forest of larch and arolla trees several hundred years old. Let yourself be amazed by their ghostly appearance shaped by the natural elements, lightning, avalanches and others.<\/h3>\t\t\t\t\t\t\t\t<\/div>\n\t\t\t\t<\/div>\n\t\t\t\t\t<\/div>\n\t\t<\/div>\n\t\t\t\t\t<\/div>\n\t\t<\/section>\n\t\t\t\t<div class=\"elementor-element elementor-element-e4db99e elementor-widget elementor-widget-spacer\" data-id=\"e4db99e\" data-element_type=\"widget\" data-e-type=\"widget\" data-settings=\"{&quot;hoteller_ext_is_scrollme&quot;:&quot;false&quot;,&quot;hoteller_ext_is_smoove&quot;:&quot;false&quot;,&quot;hoteller_ext_is_parallax_mouse&quot;:&quot;false&quot;,&quot;hoteller_ext_is_infinite&quot;:&quot;false&quot;,&quot;hoteller_ext_is_fadeout_animation&quot;:&quot;false&quot;}\" data-widget_type=\"spacer.default\">\n\t\t\t\t<div class=\"elementor-widget-container\">\n\t\t\t\t\t\t\t<div class=\"elementor-spacer\">\n\t\t\t<div class=\"elementor-spacer-inner\"><\/div>\n\t\t<\/div>\n\t\t\t\t\t\t<\/div>\n\t\t\t\t<\/div>\n\t\t\t\t\t<\/div>\n\t\t<\/div>\n\t\t\t\t\t<\/div>\n\t\t<\/section>\n\t\t\t\t<section class=\"elementor-section elementor-top-section elementor-element elementor-element-0aaebfc elementor-section-boxed elementor-section-height-default elementor-section-height-default\" data-id=\"0aaebfc\" data-element_type=\"section\" data-e-type=\"section\" data-settings=\"{&quot;hoteller_ext_is_background_parallax&quot;:&quot;false&quot;,&quot;hoteller_ext_is_background_on_scroll&quot;:&quot;false&quot;}\">\n\t\t\t\t\t\t<div class=\"elementor-container elementor-column-gap-default\">\n\t\t\t\t\t<div class=\"elementor-column elementor-col-100 elementor-top-column elementor-element elementor-element-9f44261\" data-id=\"9f44261\" data-element_type=\"column\" data-e-type=\"column\" data-settings=\"{&quot;hoteller_ext_is_scrollme&quot;:&quot;false&quot;,&quot;hoteller_ext_is_smoove&quot;:&quot;false&quot;,&quot;hoteller_ext_is_parallax_mouse&quot;:&quot;false&quot;,&quot;hoteller_ext_is_infinite&quot;:&quot;false&quot;,&quot;hoteller_ext_is_fadeout_animation&quot;:&quot;false&quot;}\">\n\t\t\t<div class=\"elementor-widget-wrap elementor-element-populated\">\n\t\t\t\t\t\t<div class=\"elementor-element elementor-element-9a44801 elementor-widget elementor-widget-spacer\" data-id=\"9a44801\" data-element_type=\"widget\" data-e-type=\"widget\" data-settings=\"{&quot;hoteller_ext_is_scrollme&quot;:&quot;false&quot;,&quot;hoteller_ext_is_smoove&quot;:&quot;false&quot;,&quot;hoteller_ext_is_parallax_mouse&quot;:&quot;false&quot;,&quot;hoteller_ext_is_infinite&quot;:&quot;false&quot;,&quot;hoteller_ext_is_fadeout_animation&quot;:&quot;false&quot;}\" data-widget_type=\"spacer.default\">\n\t\t\t\t<div class=\"elementor-widget-container\">\n\t\t\t\t\t\t\t<div class=\"elementor-spacer\">\n\t\t\t<div class=\"elementor-spacer-inner\"><\/div>\n\t\t<\/div>\n\t\t\t\t\t\t<\/div>\n\t\t\t\t<\/div>\n\t\t\t\t\t<\/div>\n\t\t<\/div>\n\t\t\t\t\t<\/div>\n\t\t<\/section>\n\t\t\t\t<\/div>","protected":false},"excerpt":{"rendered":"<p>Depuis 1926, nos h\u00f4tes font l&rsquo;exp\u00e9rience d&rsquo;un accueil exceptionnel au Relais d&rsquo;Arpette. En \u00e9t\u00e9 lors du la Tour du Mont Blanc et en hiver sur la Haute Route de Chamonix \u00e0 Zermatt, ou tout simplement en balade ou rando de [&hellip;]<\/p>\n","protected":false},"author":1,"featured_media":0,"parent":0,"menu_order":0,"comment_status":"closed","ping_status":"closed","template":"","meta":{"_acf_changed":false,"inline_featured_image":false,"_lmt_disableupdate":"","_lmt_disable":"","footnotes":""},"class_list":["post-968","page","type-page","status-publish","hentry"],"acf":[],"yoast_head":"<!-- This site is optimized with the Yoast SEO plugin v27.3 - https:\/\/yoast.com\/product\/yoast-seo-wordpress\/ -->\n<title>Tour du Mont Blanc - Arpette<\/title>\n<meta name=\"description\" content=\"Un grand nombre d\u2019h\u00f4tes du monde entier font des randonn\u00e9es autour du massif du Mont-Blanc et s\u2019arr\u00eatent chez nous.\" \/>\n<meta name=\"robots\" content=\"index, follow, max-snippet:-1, max-image-preview:large, max-video-preview:-1\" \/>\n<link rel=\"canonical\" href=\"https:\/\/arpette.ch\/en\/ete\/\" \/>\n<meta property=\"og:locale\" content=\"en_US\" \/>\n<meta property=\"og:type\" content=\"article\" \/>\n<meta property=\"og:title\" content=\"Tour du Mont Blanc - Arpette\" \/>\n<meta property=\"og:description\" content=\"Un grand nombre d\u2019h\u00f4tes du monde entier font des randonn\u00e9es autour du massif du Mont-Blanc et s\u2019arr\u00eatent chez nous.\" \/>\n<meta property=\"og:url\" content=\"https:\/\/arpette.ch\/en\/ete\/\" \/>\n<meta property=\"og:site_name\" content=\"Arpette\" \/>\n<meta property=\"article:modified_time\" content=\"2023-05-05T14:02:14+00:00\" \/>\n<meta property=\"og:image\" content=\"https:\/\/arpette.ch\/wp-content\/uploads\/2023\/05\/Fenetre-d-Arpette-1024x768.jpg\" \/>\n<meta name=\"twitter:card\" content=\"summary_large_image\" \/>\n<meta name=\"twitter:label1\" content=\"Est. reading time\" \/>\n\t<meta name=\"twitter:data1\" content=\"2 minutes\" \/>\n<script type=\"application\/ld+json\" class=\"yoast-schema-graph\">{\"@context\":\"https:\\\/\\\/schema.org\",\"@graph\":[{\"@type\":\"WebPage\",\"@id\":\"https:\\\/\\\/arpette.ch\\\/de\\\/ete\\\/\",\"url\":\"https:\\\/\\\/arpette.ch\\\/de\\\/ete\\\/\",\"name\":\"Tour du Mont Blanc - Arpette\",\"isPartOf\":{\"@id\":\"https:\\\/\\\/arpette.ch\\\/de\\\/#website\"},\"primaryImageOfPage\":{\"@id\":\"https:\\\/\\\/arpette.ch\\\/de\\\/ete\\\/#primaryimage\"},\"image\":{\"@id\":\"https:\\\/\\\/arpette.ch\\\/de\\\/ete\\\/#primaryimage\"},\"thumbnailUrl\":\"https:\\\/\\\/arpette.ch\\\/wp-content\\\/uploads\\\/2023\\\/05\\\/Fenetre-d-Arpette-1024x768.jpg\",\"datePublished\":\"2020-08-24T09:02:06+00:00\",\"dateModified\":\"2023-05-05T14:02:14+00:00\",\"description\":\"Un grand nombre d\u2019h\u00f4tes du monde entier font des randonn\u00e9es autour du massif du Mont-Blanc et s\u2019arr\u00eatent chez nous.\",\"breadcrumb\":{\"@id\":\"https:\\\/\\\/arpette.ch\\\/de\\\/ete\\\/#breadcrumb\"},\"inLanguage\":\"en-US\",\"potentialAction\":[{\"@type\":\"ReadAction\",\"target\":[\"https:\\\/\\\/arpette.ch\\\/de\\\/ete\\\/\"]}]},{\"@type\":\"ImageObject\",\"inLanguage\":\"en-US\",\"@id\":\"https:\\\/\\\/arpette.ch\\\/de\\\/ete\\\/#primaryimage\",\"url\":\"https:\\\/\\\/arpette.ch\\\/wp-content\\\/uploads\\\/2023\\\/05\\\/Fenetre-d-Arpette-1024x768.jpg\",\"contentUrl\":\"https:\\\/\\\/arpette.ch\\\/wp-content\\\/uploads\\\/2023\\\/05\\\/Fenetre-d-Arpette-1024x768.jpg\"},{\"@type\":\"BreadcrumbList\",\"@id\":\"https:\\\/\\\/arpette.ch\\\/de\\\/ete\\\/#breadcrumb\",\"itemListElement\":[{\"@type\":\"ListItem\",\"position\":1,\"name\":\"Accueil\",\"item\":\"https:\\\/\\\/arpette.ch\\\/\"},{\"@type\":\"ListItem\",\"position\":2,\"name\":\"Tour du Mont Blanc\"}]},{\"@type\":\"WebSite\",\"@id\":\"https:\\\/\\\/arpette.ch\\\/de\\\/#website\",\"url\":\"https:\\\/\\\/arpette.ch\\\/de\\\/\",\"name\":\"Arpette\",\"description\":\"\",\"potentialAction\":[{\"@type\":\"SearchAction\",\"target\":{\"@type\":\"EntryPoint\",\"urlTemplate\":\"https:\\\/\\\/arpette.ch\\\/de\\\/?s={search_term_string}\"},\"query-input\":{\"@type\":\"PropertyValueSpecification\",\"valueRequired\":true,\"valueName\":\"search_term_string\"}}],\"inLanguage\":\"en-US\"}]}<\/script>\n<!-- \/ Yoast SEO plugin. -->","yoast_head_json":{"title":"Tour du Mont Blanc - Arpette","description":"Un grand nombre d\u2019h\u00f4tes du monde entier font des randonn\u00e9es autour du massif du Mont-Blanc et s\u2019arr\u00eatent chez nous.","robots":{"index":"index","follow":"follow","max-snippet":"max-snippet:-1","max-image-preview":"max-image-preview:large","max-video-preview":"max-video-preview:-1"},"canonical":"https:\/\/arpette.ch\/en\/ete\/","og_locale":"en_US","og_type":"article","og_title":"Tour du Mont Blanc - Arpette","og_description":"Un grand nombre d\u2019h\u00f4tes du monde entier font des randonn\u00e9es autour du massif du Mont-Blanc et s\u2019arr\u00eatent chez nous.","og_url":"https:\/\/arpette.ch\/en\/ete\/","og_site_name":"Arpette","article_modified_time":"2023-05-05T14:02:14+00:00","og_image":[{"url":"https:\/\/arpette.ch\/wp-content\/uploads\/2023\/05\/Fenetre-d-Arpette-1024x768.jpg","type":"","width":"","height":""}],"twitter_card":"summary_large_image","twitter_misc":{"Est. reading time":"2 minutes"},"schema":{"@context":"https:\/\/schema.org","@graph":[{"@type":"WebPage","@id":"https:\/\/arpette.ch\/de\/ete\/","url":"https:\/\/arpette.ch\/de\/ete\/","name":"Tour du Mont Blanc - Arpette","isPartOf":{"@id":"https:\/\/arpette.ch\/de\/#website"},"primaryImageOfPage":{"@id":"https:\/\/arpette.ch\/de\/ete\/#primaryimage"},"image":{"@id":"https:\/\/arpette.ch\/de\/ete\/#primaryimage"},"thumbnailUrl":"https:\/\/arpette.ch\/wp-content\/uploads\/2023\/05\/Fenetre-d-Arpette-1024x768.jpg","datePublished":"2020-08-24T09:02:06+00:00","dateModified":"2023-05-05T14:02:14+00:00","description":"Un grand nombre d\u2019h\u00f4tes du monde entier font des randonn\u00e9es autour du massif du Mont-Blanc et s\u2019arr\u00eatent chez nous.","breadcrumb":{"@id":"https:\/\/arpette.ch\/de\/ete\/#breadcrumb"},"inLanguage":"en-US","potentialAction":[{"@type":"ReadAction","target":["https:\/\/arpette.ch\/de\/ete\/"]}]},{"@type":"ImageObject","inLanguage":"en-US","@id":"https:\/\/arpette.ch\/de\/ete\/#primaryimage","url":"https:\/\/arpette.ch\/wp-content\/uploads\/2023\/05\/Fenetre-d-Arpette-1024x768.jpg","contentUrl":"https:\/\/arpette.ch\/wp-content\/uploads\/2023\/05\/Fenetre-d-Arpette-1024x768.jpg"},{"@type":"BreadcrumbList","@id":"https:\/\/arpette.ch\/de\/ete\/#breadcrumb","itemListElement":[{"@type":"ListItem","position":1,"name":"Accueil","item":"https:\/\/arpette.ch\/"},{"@type":"ListItem","position":2,"name":"Tour du Mont Blanc"}]},{"@type":"WebSite","@id":"https:\/\/arpette.ch\/de\/#website","url":"https:\/\/arpette.ch\/de\/","name":"Arpette","description":"","potentialAction":[{"@type":"SearchAction","target":{"@type":"EntryPoint","urlTemplate":"https:\/\/arpette.ch\/de\/?s={search_term_string}"},"query-input":{"@type":"PropertyValueSpecification","valueRequired":true,"valueName":"search_term_string"}}],"inLanguage":"en-US"}]}},"_links":{"self":[{"href":"https:\/\/arpette.ch\/en\/wp-json\/wp\/v2\/pages\/968","targetHints":{"allow":["GET"]}}],"collection":[{"href":"https:\/\/arpette.ch\/en\/wp-json\/wp\/v2\/pages"}],"about":[{"href":"https:\/\/arpette.ch\/en\/wp-json\/wp\/v2\/types\/page"}],"author":[{"embeddable":true,"href":"https:\/\/arpette.ch\/en\/wp-json\/wp\/v2\/users\/1"}],"replies":[{"embeddable":true,"href":"https:\/\/arpette.ch\/en\/wp-json\/wp\/v2\/comments?post=968"}],"version-history":[{"count":57,"href":"https:\/\/arpette.ch\/en\/wp-json\/wp\/v2\/pages\/968\/revisions"}],"predecessor-version":[{"id":4432,"href":"https:\/\/arpette.ch\/en\/wp-json\/wp\/v2\/pages\/968\/revisions\/4432"}],"wp:attachment":[{"href":"https:\/\/arpette.ch\/en\/wp-json\/wp\/v2\/media?parent=968"}],"curies":[{"name":"wp","href":"https:\/\/api.w.org\/{rel}","templated":true}]}}